{"id":829,"date":"2024-10-04T12:13:32","date_gmt":"2024-10-04T12:13:32","guid":{"rendered":"https:\/\/dolphinvoyager.com\/contact\/"},"modified":"2024-11-26T15:30:49","modified_gmt":"2024-11-26T15:30:49","slug":"contact","status":"publish","type":"page","link":"https:\/\/dolphinvoyager.com\/es\/contact\/","title":{"rendered":"Contacto"},"content":{"rendered":"","protected":false},"excerpt":{"rendered":"","protected":false},"author":1,"featured_media":881,"parent":0,"menu_order":0,"comment_status":"closed","ping_status":"closed","template":"","meta":{"_acf_changed":false,"nf_dc_page":"","footnotes":""},"class_list":["post-829","page","type-page","status-publish","has-post-thumbnail","hentry"],"acf":[],"yoast_head":"<!-- This site is optimized with the Yoast SEO Premium plugin v26.7 (Yoast SEO v27.3) - https:\/\/yoast.com\/product\/yoast-seo-premium-wordpress\/ -->\n<title>Dolphin Voyager: Cont\u00e1ctenos<\/title>\n<meta name=\"description\" content=\"Comun\u00edquese con Dolphin Voyager para conocer c\u00f3mo nuestros juegos educativos pueden mejorar el aprendizaje y el desarrollo comunitario. Comun\u00edquese para establecer alianzas, realizar consultas o recibir asistencia.\" \/>\n<meta name=\"robots\" content=\"index, follow, max-snippet:-1, max-image-preview:large, max-video-preview:-1\" \/>\n<link rel=\"canonical\" href=\"https:\/\/dolphinvoyager.com\/es\/contact\/\" \/>\n<meta property=\"og:locale\" content=\"es_ES\" \/>\n<meta property=\"og:type\" content=\"article\" \/>\n<meta property=\"og:title\" content=\"Contacto\" \/>\n<meta property=\"og:description\" content=\"Comun\u00edquese con Dolphin Voyager para conocer c\u00f3mo nuestros juegos educativos pueden mejorar el aprendizaje y el desarrollo comunitario. Comun\u00edquese para establecer alianzas, realizar consultas o recibir asistencia.\" \/>\n<meta property=\"og:url\" content=\"https:\/\/dolphinvoyager.com\/es\/contact\/\" \/>\n<meta property=\"og:site_name\" content=\"Dolphin Voyager, LLC\" \/>\n<meta property=\"article:publisher\" content=\"https:\/\/www.facebook.com\/people\/Finding-a-Place-in-the-Sun\/100092620906753\/\" \/>\n<meta property=\"article:modified_time\" content=\"2024-11-26T15:30:49+00:00\" \/>\n<meta property=\"og:image\" content=\"https:\/\/dolphinvoyager.com\/wp-content\/uploads\/2024\/10\/3-2-1024x576.png\" \/>\n\t<meta property=\"og:image:width\" content=\"1024\" \/>\n\t<meta property=\"og:image:height\" content=\"576\" \/>\n\t<meta property=\"og:image:type\" content=\"image\/png\" \/>\n<meta name=\"twitter:card\" content=\"summary_large_image\" \/>\n<script type=\"application\/ld+json\" class=\"yoast-schema-graph\">{\"@context\":\"https:\\\/\\\/schema.org\",\"@graph\":[{\"@type\":\"WebPage\",\"@id\":\"https:\\\/\\\/dolphinvoyager.com\\\/es\\\/contact\\\/\",\"url\":\"https:\\\/\\\/dolphinvoyager.com\\\/es\\\/contact\\\/\",\"name\":\"Dolphin Voyager: Cont\u00e1ctenos\",\"isPartOf\":{\"@id\":\"https:\\\/\\\/dolphinvoyager.com\\\/es\\\/#website\"},\"primaryImageOfPage\":{\"@id\":\"https:\\\/\\\/dolphinvoyager.com\\\/es\\\/contact\\\/#primaryimage\"},\"image\":{\"@id\":\"https:\\\/\\\/dolphinvoyager.com\\\/es\\\/contact\\\/#primaryimage\"},\"thumbnailUrl\":\"https:\\\/\\\/i0.wp.com\\\/dolphinvoyager.com\\\/wp-content\\\/uploads\\\/2024\\\/10\\\/3-2.png?fit=2240%2C1260&ssl=1\",\"datePublished\":\"2024-10-04T12:13:32+00:00\",\"dateModified\":\"2024-11-26T15:30:49+00:00\",\"description\":\"Comun\u00edquese con Dolphin Voyager para conocer c\u00f3mo nuestros juegos educativos pueden mejorar el aprendizaje y el desarrollo comunitario. Comun\u00edquese para establecer alianzas, realizar consultas o recibir asistencia.\",\"breadcrumb\":{\"@id\":\"https:\\\/\\\/dolphinvoyager.com\\\/es\\\/contact\\\/#breadcrumb\"},\"inLanguage\":\"es\",\"potentialAction\":[{\"@type\":\"ReadAction\",\"target\":[\"https:\\\/\\\/dolphinvoyager.com\\\/es\\\/contact\\\/\"]}]},{\"@type\":\"ImageObject\",\"inLanguage\":\"es\",\"@id\":\"https:\\\/\\\/dolphinvoyager.com\\\/es\\\/contact\\\/#primaryimage\",\"url\":\"https:\\\/\\\/i0.wp.com\\\/dolphinvoyager.com\\\/wp-content\\\/uploads\\\/2024\\\/10\\\/3-2.png?fit=2240%2C1260&ssl=1\",\"contentUrl\":\"https:\\\/\\\/i0.wp.com\\\/dolphinvoyager.com\\\/wp-content\\\/uploads\\\/2024\\\/10\\\/3-2.png?fit=2240%2C1260&ssl=1\",\"width\":2240,\"height\":1260},{\"@type\":\"BreadcrumbList\",\"@id\":\"https:\\\/\\\/dolphinvoyager.com\\\/es\\\/contact\\\/#breadcrumb\",\"itemListElement\":[{\"@type\":\"ListItem\",\"position\":1,\"name\":\"Home\",\"item\":\"https:\\\/\\\/dolphinvoyager.com\\\/es\\\/\"},{\"@type\":\"ListItem\",\"position\":2,\"name\":\"Contacto\"}]},{\"@type\":\"WebSite\",\"@id\":\"https:\\\/\\\/dolphinvoyager.com\\\/es\\\/#website\",\"url\":\"https:\\\/\\\/dolphinvoyager.com\\\/es\\\/\",\"name\":\"Dolphin Voyager, LLC\",\"description\":\"Game-Driven Education\",\"publisher\":{\"@id\":\"https:\\\/\\\/dolphinvoyager.com\\\/es\\\/#organization\"},\"potentialAction\":[{\"@type\":\"SearchAction\",\"target\":{\"@type\":\"EntryPoint\",\"urlTemplate\":\"https:\\\/\\\/dolphinvoyager.com\\\/es\\\/?s={search_term_string}\"},\"query-input\":{\"@type\":\"PropertyValueSpecification\",\"valueRequired\":true,\"valueName\":\"search_term_string\"}}],\"inLanguage\":\"es\"},{\"@type\":\"Organization\",\"@id\":\"https:\\\/\\\/dolphinvoyager.com\\\/es\\\/#organization\",\"name\":\"Dolphin Voyager, LLC\",\"url\":\"https:\\\/\\\/dolphinvoyager.com\\\/es\\\/\",\"logo\":{\"@type\":\"ImageObject\",\"inLanguage\":\"es\",\"@id\":\"https:\\\/\\\/dolphinvoyager.com\\\/es\\\/#\\\/schema\\\/logo\\\/image\\\/\",\"url\":\"https:\\\/\\\/dolphinvoyager.com\\\/wp-content\\\/uploads\\\/2024\\\/10\\\/Logo_Color.png\",\"contentUrl\":\"https:\\\/\\\/dolphinvoyager.com\\\/wp-content\\\/uploads\\\/2024\\\/10\\\/Logo_Color.png\",\"width\":2501,\"height\":1105,\"caption\":\"Dolphin Voyager, LLC\"},\"image\":{\"@id\":\"https:\\\/\\\/dolphinvoyager.com\\\/es\\\/#\\\/schema\\\/logo\\\/image\\\/\"},\"sameAs\":[\"https:\\\/\\\/www.facebook.com\\\/people\\\/Finding-a-Place-in-the-Sun\\\/100092620906753\\\/\",\"https:\\\/\\\/www.instagram.com\\\/dolphinvoyager_\\\/\"]}]}<\/script>\n<!-- \/ Yoast SEO Premium plugin. -->","yoast_head_json":{"title":"Dolphin Voyager: Cont\u00e1ctenos","description":"Comun\u00edquese con Dolphin Voyager para conocer c\u00f3mo nuestros juegos educativos pueden mejorar el aprendizaje y el desarrollo comunitario. Comun\u00edquese para establecer alianzas, realizar consultas o recibir asistencia.","robots":{"index":"index","follow":"follow","max-snippet":"max-snippet:-1","max-image-preview":"max-image-preview:large","max-video-preview":"max-video-preview:-1"},"canonical":"https:\/\/dolphinvoyager.com\/es\/contact\/","og_locale":"es_ES","og_type":"article","og_title":"Contacto","og_description":"Comun\u00edquese con Dolphin Voyager para conocer c\u00f3mo nuestros juegos educativos pueden mejorar el aprendizaje y el desarrollo comunitario. Comun\u00edquese para establecer alianzas, realizar consultas o recibir asistencia.","og_url":"https:\/\/dolphinvoyager.com\/es\/contact\/","og_site_name":"Dolphin Voyager, LLC","article_publisher":"https:\/\/www.facebook.com\/people\/Finding-a-Place-in-the-Sun\/100092620906753\/","article_modified_time":"2024-11-26T15:30:49+00:00","og_image":[{"width":1024,"height":576,"url":"https:\/\/dolphinvoyager.com\/wp-content\/uploads\/2024\/10\/3-2-1024x576.png","type":"image\/png"}],"twitter_card":"summary_large_image","schema":{"@context":"https:\/\/schema.org","@graph":[{"@type":"WebPage","@id":"https:\/\/dolphinvoyager.com\/es\/contact\/","url":"https:\/\/dolphinvoyager.com\/es\/contact\/","name":"Dolphin Voyager: Cont\u00e1ctenos","isPartOf":{"@id":"https:\/\/dolphinvoyager.com\/es\/#website"},"primaryImageOfPage":{"@id":"https:\/\/dolphinvoyager.com\/es\/contact\/#primaryimage"},"image":{"@id":"https:\/\/dolphinvoyager.com\/es\/contact\/#primaryimage"},"thumbnailUrl":"https:\/\/i0.wp.com\/dolphinvoyager.com\/wp-content\/uploads\/2024\/10\/3-2.png?fit=2240%2C1260&ssl=1","datePublished":"2024-10-04T12:13:32+00:00","dateModified":"2024-11-26T15:30:49+00:00","description":"Comun\u00edquese con Dolphin Voyager para conocer c\u00f3mo nuestros juegos educativos pueden mejorar el aprendizaje y el desarrollo comunitario. Comun\u00edquese para establecer alianzas, realizar consultas o recibir asistencia.","breadcrumb":{"@id":"https:\/\/dolphinvoyager.com\/es\/contact\/#breadcrumb"},"inLanguage":"es","potentialAction":[{"@type":"ReadAction","target":["https:\/\/dolphinvoyager.com\/es\/contact\/"]}]},{"@type":"ImageObject","inLanguage":"es","@id":"https:\/\/dolphinvoyager.com\/es\/contact\/#primaryimage","url":"https:\/\/i0.wp.com\/dolphinvoyager.com\/wp-content\/uploads\/2024\/10\/3-2.png?fit=2240%2C1260&ssl=1","contentUrl":"https:\/\/i0.wp.com\/dolphinvoyager.com\/wp-content\/uploads\/2024\/10\/3-2.png?fit=2240%2C1260&ssl=1","width":2240,"height":1260},{"@type":"BreadcrumbList","@id":"https:\/\/dolphinvoyager.com\/es\/contact\/#breadcrumb","itemListElement":[{"@type":"ListItem","position":1,"name":"Home","item":"https:\/\/dolphinvoyager.com\/es\/"},{"@type":"ListItem","position":2,"name":"Contacto"}]},{"@type":"WebSite","@id":"https:\/\/dolphinvoyager.com\/es\/#website","url":"https:\/\/dolphinvoyager.com\/es\/","name":"Dolphin Voyager, LLC","description":"Game-Driven Education","publisher":{"@id":"https:\/\/dolphinvoyager.com\/es\/#organization"},"potentialAction":[{"@type":"SearchAction","target":{"@type":"EntryPoint","urlTemplate":"https:\/\/dolphinvoyager.com\/es\/?s={search_term_string}"},"query-input":{"@type":"PropertyValueSpecification","valueRequired":true,"valueName":"search_term_string"}}],"inLanguage":"es"},{"@type":"Organization","@id":"https:\/\/dolphinvoyager.com\/es\/#organization","name":"Dolphin Voyager, LLC","url":"https:\/\/dolphinvoyager.com\/es\/","logo":{"@type":"ImageObject","inLanguage":"es","@id":"https:\/\/dolphinvoyager.com\/es\/#\/schema\/logo\/image\/","url":"https:\/\/dolphinvoyager.com\/wp-content\/uploads\/2024\/10\/Logo_Color.png","contentUrl":"https:\/\/dolphinvoyager.com\/wp-content\/uploads\/2024\/10\/Logo_Color.png","width":2501,"height":1105,"caption":"Dolphin Voyager, LLC"},"image":{"@id":"https:\/\/dolphinvoyager.com\/es\/#\/schema\/logo\/image\/"},"sameAs":["https:\/\/www.facebook.com\/people\/Finding-a-Place-in-the-Sun\/100092620906753\/","https:\/\/www.instagram.com\/dolphinvoyager_\/"]}]}},"jetpack_sharing_enabled":true,"jetpack_likes_enabled":true,"_links":{"self":[{"href":"https:\/\/dolphinvoyager.com\/es\/wp-json\/wp\/v2\/pages\/829","targetHints":{"allow":["GET"]}}],"collection":[{"href":"https:\/\/dolphinvoyager.com\/es\/wp-json\/wp\/v2\/pages"}],"about":[{"href":"https:\/\/dolphinvoyager.com\/es\/wp-json\/wp\/v2\/types\/page"}],"author":[{"embeddable":true,"href":"https:\/\/dolphinvoyager.com\/es\/wp-json\/wp\/v2\/users\/1"}],"replies":[{"embeddable":true,"href":"https:\/\/dolphinvoyager.com\/es\/wp-json\/wp\/v2\/comments?post=829"}],"version-history":[{"count":1,"href":"https:\/\/dolphinvoyager.com\/es\/wp-json\/wp\/v2\/pages\/829\/revisions"}],"predecessor-version":[{"id":867,"href":"https:\/\/dolphinvoyager.com\/es\/wp-json\/wp\/v2\/pages\/829\/revisions\/867"}],"wp:featuredmedia":[{"embeddable":true,"href":"https:\/\/dolphinvoyager.com\/es\/wp-json\/wp\/v2\/media\/881"}],"wp:attachment":[{"href":"https:\/\/dolphinvoyager.com\/es\/wp-json\/wp\/v2\/media?parent=829"}],"curies":[{"name":"wp","href":"https:\/\/api.w.org\/{rel}","templated":true}]}}