{"id":825,"date":"2024-10-04T12:12:32","date_gmt":"2024-10-04T12:12:32","guid":{"rendered":"https:\/\/dolphinvoyager.com\/about-us\/"},"modified":"2024-11-26T15:35:43","modified_gmt":"2024-11-26T15:35:43","slug":"about-us","status":"publish","type":"page","link":"https:\/\/dolphinvoyager.com\/es\/about-us\/","title":{"rendered":"Sobre nosotros"},"content":{"rendered":"","protected":false},"excerpt":{"rendered":"","protected":false},"author":1,"featured_media":875,"parent":0,"menu_order":0,"comment_status":"closed","ping_status":"closed","template":"","meta":{"_acf_changed":false,"nf_dc_page":"","footnotes":""},"class_list":["post-825","page","type-page","status-publish","has-post-thumbnail","hentry"],"acf":[],"yoast_head":"<!-- This site is optimized with the Yoast SEO Premium plugin v26.7 (Yoast SEO v27.3) - https:\/\/yoast.com\/product\/yoast-seo-premium-wordpress\/ -->\n<title>Dolphin Voyager: juegos educativos basados en datos<\/title>\n<meta name=\"description\" content=\"Creaci\u00f3n de juegos educativos personalizados basados en datos que transforman el aprendizaje en sociolog\u00eda, econom\u00eda y desarrollo comunitario a trav\u00e9s de aventuras interactivas.\" \/>\n<meta name=\"robots\" content=\"index, follow, max-snippet:-1, max-image-preview:large, max-video-preview:-1\" \/>\n<link rel=\"canonical\" href=\"https:\/\/dolphinvoyager.com\/es\/about-us\/\" \/>\n<meta property=\"og:locale\" content=\"es_ES\" \/>\n<meta property=\"og:type\" content=\"article\" \/>\n<meta property=\"og:title\" content=\"Sobre nosotros\" \/>\n<meta property=\"og:description\" content=\"Creaci\u00f3n de juegos educativos personalizados basados en datos que transforman el aprendizaje en sociolog\u00eda, econom\u00eda y desarrollo comunitario a trav\u00e9s de aventuras interactivas.\" \/>\n<meta property=\"og:url\" content=\"https:\/\/dolphinvoyager.com\/es\/about-us\/\" \/>\n<meta property=\"og:site_name\" content=\"Dolphin Voyager, LLC\" \/>\n<meta property=\"article:publisher\" content=\"https:\/\/www.facebook.com\/people\/Finding-a-Place-in-the-Sun\/100092620906753\/\" \/>\n<meta property=\"article:modified_time\" content=\"2024-11-26T15:35:43+00:00\" \/>\n<meta property=\"og:image\" content=\"https:\/\/dolphinvoyager.com\/wp-content\/uploads\/2024\/10\/Dolphin-Voyager-Website-Images-2-1024x576.png\" \/>\n\t<meta property=\"og:image:width\" content=\"1024\" \/>\n\t<meta property=\"og:image:height\" content=\"576\" \/>\n\t<meta property=\"og:image:type\" content=\"image\/png\" \/>\n<meta name=\"twitter:card\" content=\"summary_large_image\" \/>\n<meta name=\"twitter:label1\" content=\"Tiempo de lectura\" \/>\n\t<meta name=\"twitter:data1\" content=\"1 minuto\" \/>\n<script type=\"application\/ld+json\" class=\"yoast-schema-graph\">{\"@context\":\"https:\\\/\\\/schema.org\",\"@graph\":[{\"@type\":\"WebPage\",\"@id\":\"https:\\\/\\\/dolphinvoyager.com\\\/es\\\/about-us\\\/\",\"url\":\"https:\\\/\\\/dolphinvoyager.com\\\/es\\\/about-us\\\/\",\"name\":\"Dolphin Voyager: juegos educativos basados en datos\",\"isPartOf\":{\"@id\":\"https:\\\/\\\/dolphinvoyager.com\\\/es\\\/#website\"},\"primaryImageOfPage\":{\"@id\":\"https:\\\/\\\/dolphinvoyager.com\\\/es\\\/about-us\\\/#primaryimage\"},\"image\":{\"@id\":\"https:\\\/\\\/dolphinvoyager.com\\\/es\\\/about-us\\\/#primaryimage\"},\"thumbnailUrl\":\"https:\\\/\\\/i0.wp.com\\\/dolphinvoyager.com\\\/wp-content\\\/uploads\\\/2024\\\/10\\\/Dolphin-Voyager-Website-Images-2.png?fit=2240%2C1260&ssl=1\",\"datePublished\":\"2024-10-04T12:12:32+00:00\",\"dateModified\":\"2024-11-26T15:35:43+00:00\",\"description\":\"Creaci\u00f3n de juegos educativos personalizados basados en datos que transforman el aprendizaje en sociolog\u00eda, econom\u00eda y desarrollo comunitario a trav\u00e9s de aventuras interactivas.\",\"breadcrumb\":{\"@id\":\"https:\\\/\\\/dolphinvoyager.com\\\/es\\\/about-us\\\/#breadcrumb\"},\"inLanguage\":\"es\",\"potentialAction\":[{\"@type\":\"ReadAction\",\"target\":[\"https:\\\/\\\/dolphinvoyager.com\\\/es\\\/about-us\\\/\"]}]},{\"@type\":\"ImageObject\",\"inLanguage\":\"es\",\"@id\":\"https:\\\/\\\/dolphinvoyager.com\\\/es\\\/about-us\\\/#primaryimage\",\"url\":\"https:\\\/\\\/i0.wp.com\\\/dolphinvoyager.com\\\/wp-content\\\/uploads\\\/2024\\\/10\\\/Dolphin-Voyager-Website-Images-2.png?fit=2240%2C1260&ssl=1\",\"contentUrl\":\"https:\\\/\\\/i0.wp.com\\\/dolphinvoyager.com\\\/wp-content\\\/uploads\\\/2024\\\/10\\\/Dolphin-Voyager-Website-Images-2.png?fit=2240%2C1260&ssl=1\",\"width\":2240,\"height\":1260},{\"@type\":\"BreadcrumbList\",\"@id\":\"https:\\\/\\\/dolphinvoyager.com\\\/es\\\/about-us\\\/#breadcrumb\",\"itemListElement\":[{\"@type\":\"ListItem\",\"position\":1,\"name\":\"Home\",\"item\":\"https:\\\/\\\/dolphinvoyager.com\\\/es\\\/\"},{\"@type\":\"ListItem\",\"position\":2,\"name\":\"Sobre nosotros\"}]},{\"@type\":\"WebSite\",\"@id\":\"https:\\\/\\\/dolphinvoyager.com\\\/es\\\/#website\",\"url\":\"https:\\\/\\\/dolphinvoyager.com\\\/es\\\/\",\"name\":\"Dolphin Voyager, LLC\",\"description\":\"Game-Driven Education\",\"publisher\":{\"@id\":\"https:\\\/\\\/dolphinvoyager.com\\\/es\\\/#organization\"},\"potentialAction\":[{\"@type\":\"SearchAction\",\"target\":{\"@type\":\"EntryPoint\",\"urlTemplate\":\"https:\\\/\\\/dolphinvoyager.com\\\/es\\\/?s={search_term_string}\"},\"query-input\":{\"@type\":\"PropertyValueSpecification\",\"valueRequired\":true,\"valueName\":\"search_term_string\"}}],\"inLanguage\":\"es\"},{\"@type\":\"Organization\",\"@id\":\"https:\\\/\\\/dolphinvoyager.com\\\/es\\\/#organization\",\"name\":\"Dolphin Voyager, LLC\",\"url\":\"https:\\\/\\\/dolphinvoyager.com\\\/es\\\/\",\"logo\":{\"@type\":\"ImageObject\",\"inLanguage\":\"es\",\"@id\":\"https:\\\/\\\/dolphinvoyager.com\\\/es\\\/#\\\/schema\\\/logo\\\/image\\\/\",\"url\":\"https:\\\/\\\/dolphinvoyager.com\\\/wp-content\\\/uploads\\\/2024\\\/10\\\/Logo_Color.png\",\"contentUrl\":\"https:\\\/\\\/dolphinvoyager.com\\\/wp-content\\\/uploads\\\/2024\\\/10\\\/Logo_Color.png\",\"width\":2501,\"height\":1105,\"caption\":\"Dolphin Voyager, LLC\"},\"image\":{\"@id\":\"https:\\\/\\\/dolphinvoyager.com\\\/es\\\/#\\\/schema\\\/logo\\\/image\\\/\"},\"sameAs\":[\"https:\\\/\\\/www.facebook.com\\\/people\\\/Finding-a-Place-in-the-Sun\\\/100092620906753\\\/\",\"https:\\\/\\\/www.instagram.com\\\/dolphinvoyager_\\\/\"]}]}<\/script>\n<!-- \/ Yoast SEO Premium plugin. -->","yoast_head_json":{"title":"Dolphin Voyager: juegos educativos basados en datos","description":"Creaci\u00f3n de juegos educativos personalizados basados en datos que transforman el aprendizaje en sociolog\u00eda, econom\u00eda y desarrollo comunitario a trav\u00e9s de aventuras interactivas.","robots":{"index":"index","follow":"follow","max-snippet":"max-snippet:-1","max-image-preview":"max-image-preview:large","max-video-preview":"max-video-preview:-1"},"canonical":"https:\/\/dolphinvoyager.com\/es\/about-us\/","og_locale":"es_ES","og_type":"article","og_title":"Sobre nosotros","og_description":"Creaci\u00f3n de juegos educativos personalizados basados en datos que transforman el aprendizaje en sociolog\u00eda, econom\u00eda y desarrollo comunitario a trav\u00e9s de aventuras interactivas.","og_url":"https:\/\/dolphinvoyager.com\/es\/about-us\/","og_site_name":"Dolphin Voyager, LLC","article_publisher":"https:\/\/www.facebook.com\/people\/Finding-a-Place-in-the-Sun\/100092620906753\/","article_modified_time":"2024-11-26T15:35:43+00:00","og_image":[{"width":1024,"height":576,"url":"https:\/\/dolphinvoyager.com\/wp-content\/uploads\/2024\/10\/Dolphin-Voyager-Website-Images-2-1024x576.png","type":"image\/png"}],"twitter_card":"summary_large_image","twitter_misc":{"Tiempo de lectura":"1 minuto"},"schema":{"@context":"https:\/\/schema.org","@graph":[{"@type":"WebPage","@id":"https:\/\/dolphinvoyager.com\/es\/about-us\/","url":"https:\/\/dolphinvoyager.com\/es\/about-us\/","name":"Dolphin Voyager: juegos educativos basados en datos","isPartOf":{"@id":"https:\/\/dolphinvoyager.com\/es\/#website"},"primaryImageOfPage":{"@id":"https:\/\/dolphinvoyager.com\/es\/about-us\/#primaryimage"},"image":{"@id":"https:\/\/dolphinvoyager.com\/es\/about-us\/#primaryimage"},"thumbnailUrl":"https:\/\/i0.wp.com\/dolphinvoyager.com\/wp-content\/uploads\/2024\/10\/Dolphin-Voyager-Website-Images-2.png?fit=2240%2C1260&ssl=1","datePublished":"2024-10-04T12:12:32+00:00","dateModified":"2024-11-26T15:35:43+00:00","description":"Creaci\u00f3n de juegos educativos personalizados basados en datos que transforman el aprendizaje en sociolog\u00eda, econom\u00eda y desarrollo comunitario a trav\u00e9s de aventuras interactivas.","breadcrumb":{"@id":"https:\/\/dolphinvoyager.com\/es\/about-us\/#breadcrumb"},"inLanguage":"es","potentialAction":[{"@type":"ReadAction","target":["https:\/\/dolphinvoyager.com\/es\/about-us\/"]}]},{"@type":"ImageObject","inLanguage":"es","@id":"https:\/\/dolphinvoyager.com\/es\/about-us\/#primaryimage","url":"https:\/\/i0.wp.com\/dolphinvoyager.com\/wp-content\/uploads\/2024\/10\/Dolphin-Voyager-Website-Images-2.png?fit=2240%2C1260&ssl=1","contentUrl":"https:\/\/i0.wp.com\/dolphinvoyager.com\/wp-content\/uploads\/2024\/10\/Dolphin-Voyager-Website-Images-2.png?fit=2240%2C1260&ssl=1","width":2240,"height":1260},{"@type":"BreadcrumbList","@id":"https:\/\/dolphinvoyager.com\/es\/about-us\/#breadcrumb","itemListElement":[{"@type":"ListItem","position":1,"name":"Home","item":"https:\/\/dolphinvoyager.com\/es\/"},{"@type":"ListItem","position":2,"name":"Sobre nosotros"}]},{"@type":"WebSite","@id":"https:\/\/dolphinvoyager.com\/es\/#website","url":"https:\/\/dolphinvoyager.com\/es\/","name":"Dolphin Voyager, LLC","description":"Game-Driven Education","publisher":{"@id":"https:\/\/dolphinvoyager.com\/es\/#organization"},"potentialAction":[{"@type":"SearchAction","target":{"@type":"EntryPoint","urlTemplate":"https:\/\/dolphinvoyager.com\/es\/?s={search_term_string}"},"query-input":{"@type":"PropertyValueSpecification","valueRequired":true,"valueName":"search_term_string"}}],"inLanguage":"es"},{"@type":"Organization","@id":"https:\/\/dolphinvoyager.com\/es\/#organization","name":"Dolphin Voyager, LLC","url":"https:\/\/dolphinvoyager.com\/es\/","logo":{"@type":"ImageObject","inLanguage":"es","@id":"https:\/\/dolphinvoyager.com\/es\/#\/schema\/logo\/image\/","url":"https:\/\/dolphinvoyager.com\/wp-content\/uploads\/2024\/10\/Logo_Color.png","contentUrl":"https:\/\/dolphinvoyager.com\/wp-content\/uploads\/2024\/10\/Logo_Color.png","width":2501,"height":1105,"caption":"Dolphin Voyager, LLC"},"image":{"@id":"https:\/\/dolphinvoyager.com\/es\/#\/schema\/logo\/image\/"},"sameAs":["https:\/\/www.facebook.com\/people\/Finding-a-Place-in-the-Sun\/100092620906753\/","https:\/\/www.instagram.com\/dolphinvoyager_\/"]}]}},"jetpack_sharing_enabled":true,"jetpack_likes_enabled":true,"_links":{"self":[{"href":"https:\/\/dolphinvoyager.com\/es\/wp-json\/wp\/v2\/pages\/825","targetHints":{"allow":["GET"]}}],"collection":[{"href":"https:\/\/dolphinvoyager.com\/es\/wp-json\/wp\/v2\/pages"}],"about":[{"href":"https:\/\/dolphinvoyager.com\/es\/wp-json\/wp\/v2\/types\/page"}],"author":[{"embeddable":true,"href":"https:\/\/dolphinvoyager.com\/es\/wp-json\/wp\/v2\/users\/1"}],"replies":[{"embeddable":true,"href":"https:\/\/dolphinvoyager.com\/es\/wp-json\/wp\/v2\/comments?post=825"}],"version-history":[{"count":1,"href":"https:\/\/dolphinvoyager.com\/es\/wp-json\/wp\/v2\/pages\/825\/revisions"}],"predecessor-version":[{"id":865,"href":"https:\/\/dolphinvoyager.com\/es\/wp-json\/wp\/v2\/pages\/825\/revisions\/865"}],"wp:featuredmedia":[{"embeddable":true,"href":"https:\/\/dolphinvoyager.com\/es\/wp-json\/wp\/v2\/media\/875"}],"wp:attachment":[{"href":"https:\/\/dolphinvoyager.com\/es\/wp-json\/wp\/v2\/media?parent=825"}],"curies":[{"name":"wp","href":"https:\/\/api.w.org\/{rel}","templated":true}]}}