{"id":1127,"date":"2026-02-27T03:07:17","date_gmt":"2026-02-27T03:07:17","guid":{"rendered":"https:\/\/dolphinvoyager.com\/restaurando-la-confianza-mediante-la-transparencia-y-el-debido-proceso-reforma-practica-sistemas-responsables-liderazgo-firme-iniciativa-de-reforma-de-la-salud-conductual\/resumen-ejecutivo\/"},"modified":"2026-02-27T03:07:17","modified_gmt":"2026-02-27T03:07:17","slug":"resumen-ejecutivo","status":"publish","type":"page","link":"https:\/\/dolphinvoyager.com\/es\/restaurando-la-confianza-mediante-la-transparencia-y-el-debido-proceso-reforma-practica-sistemas-responsables-liderazgo-firme-iniciativa-de-reforma-de-la-salud-conductual\/resumen-ejecutivo\/","title":{"rendered":"Resumen ejecutivo"},"content":{"rendered":"<h3 data-start=\"157\" data-end=\"198\">Iniciativa de reforma de la salud conductual<\/h3>\n<p data-start=\"199\" data-end=\"270\">Fortalecimiento del debido proceso, la integridad m\u00e9dica y la rendici\u00f3n de cuentas p\u00fablica<\/p>\n<p data-start=\"272\" data-end=\"479\">Esta iniciativa propone reformas pr\u00e1cticas y mesuradas dise\u00f1adas para mejorar la transparencia y las garant\u00edas procesales dentro de los sistemas de salud conductual, preservando al mismo tiempo los servicios esenciales para las personas en crisis.<\/p>\n<p data-start=\"481\" data-end=\"773\">Los programas de salud conductual desempe\u00f1an un papel vital en la seguridad y la recuperaci\u00f3n de la comunidad. Reciben una financiaci\u00f3n p\u00fablica sustancial y operan bajo normas legales complejas. Esta responsabilidad conlleva la necesidad de contar con s\u00f3lidas garant\u00edas procesales, criterios m\u00e9dicos claros y una rendici\u00f3n de cuentas mensurable.  <\/p>\n<p data-start=\"775\" data-end=\"917\">Esta propuesta se centra en la mejora del sistema, no en la confrontaci\u00f3n, y se basa en datos disponibles p\u00fablicamente y en principios jur\u00eddicos establecidos.<\/p>\n<hr data-start=\"919\" data-end=\"922\">\n<h2 data-start=\"924\" data-end=\"942\">Objetivos fundamentales<\/h2>\n<h3 data-start=\"944\" data-end=\"984\">1. Fortalecer las garant\u00edas del debido proceso<\/h3>\n<p data-start=\"986\" data-end=\"1111\">Cuando se restringe la libertad mediante una evaluaci\u00f3n involuntaria o un internamiento civil, los procedimientos deben ser significativos y transparentes.<\/p>\n<p data-start=\"1113\" data-end=\"1141\">Las salvaguardias propuestas incluyen:<\/p>\n<ul data-start=\"1142\" data-end=\"1388\">\n<li data-start=\"1142\" data-end=\"1196\">\n<p data-start=\"1144\" data-end=\"1196\">Justificaci\u00f3n clara por escrito de las decisiones de compromiso<\/p>\n<\/li>\n<li data-start=\"1197\" data-end=\"1246\">\n<p data-start=\"1199\" data-end=\"1246\">Oportunidad adecuada para ser escuchado en los procedimientos<\/p>\n<\/li>\n<li data-start=\"1247\" data-end=\"1289\">\n<p data-start=\"1249\" data-end=\"1289\">Notificaci\u00f3n de derechos en lenguaje sencillo<\/p>\n<\/li>\n<li data-start=\"1290\" data-end=\"1338\">\n<p data-start=\"1292\" data-end=\"1338\">Acceso a defensa independiente cuando est\u00e9 disponible<\/p>\n<\/li>\n<li data-start=\"1339\" data-end=\"1388\">\n<p data-start=\"1341\" data-end=\"1388\">Informes transparentes de datos agregados de audici\u00f3n<\/p>\n<\/li>\n<\/ul>\n<p data-start=\"1390\" data-end=\"1485\">Estas medidas refuerzan la confianza p\u00fablica al tiempo que mantienen las capacidades necesarias de respuesta a las crisis.<\/p>\n<hr data-start=\"1487\" data-end=\"1490\">\n<h3 data-start=\"1492\" data-end=\"1526\">2. Reforzar la integridad m\u00e9dica<\/h3>\n<p data-start=\"1528\" data-end=\"1618\">Las determinaciones en materia de salud conductual deben tener una base cl\u00ednica y estar claramente documentadas.<\/p>\n<p data-start=\"1620\" data-end=\"1635\">Principios clave:<\/p>\n<ul data-start=\"1636\" data-end=\"1889\">\n<li data-start=\"1636\" data-end=\"1709\">\n<p data-start=\"1638\" data-end=\"1709\">Distinci\u00f3n clara entre deterioro m\u00e9dico y comportamiento no conforme<\/p>\n<\/li>\n<li data-start=\"1710\" data-end=\"1763\">\n<p data-start=\"1712\" data-end=\"1763\">Alineaci\u00f3n con los est\u00e1ndares psiqui\u00e1tricos basados \u200b\u200ben la evidencia<\/p>\n<\/li>\n<li data-start=\"1764\" data-end=\"1814\">\n<p data-start=\"1766\" data-end=\"1814\">Documentaci\u00f3n transparente de los criterios de diagn\u00f3stico<\/p>\n<\/li>\n<li data-start=\"1815\" data-end=\"1889\">\n<p data-start=\"1817\" data-end=\"1889\">Separaci\u00f3n entre las funciones de tratamiento cl\u00ednico y las funciones administrativas<\/p>\n<\/li>\n<\/ul>\n<p data-start=\"1891\" data-end=\"1959\">Mantener la claridad m\u00e9dica protege tanto a los pacientes como a las instituciones.<\/p>\n<hr data-start=\"1961\" data-end=\"1964\">\n<h3 data-start=\"1966\" data-end=\"2012\">3. Aumentar la transparencia en la financiaci\u00f3n p\u00fablica<\/h3>\n<p data-start=\"2014\" data-end=\"2094\">Los servicios de salud conductual est\u00e1n respaldados por m\u00faltiples fuentes de financiaci\u00f3n, entre ellas:<\/p>\n<ul data-start=\"2096\" data-end=\"2287\">\n<li data-start=\"2096\" data-end=\"2120\">\n<p data-start=\"2098\" data-end=\"2120\">Fondos generales del condado<\/p>\n<\/li>\n<li data-start=\"2121\" data-end=\"2154\">\n<p data-start=\"2123\" data-end=\"2154\">Asignaciones de realineaci\u00f3n estatal<\/p>\n<\/li>\n<li data-start=\"2155\" data-end=\"2198\">\n<p data-start=\"2157\" data-end=\"2198\">Fondos de la Ley de Servicios de Salud Mental (MHSA)<\/p>\n<\/li>\n<li data-start=\"2199\" data-end=\"2241\">\n<p data-start=\"2201\" data-end=\"2241\">Participaci\u00f3n federal (por ejemplo, Medi-Cal)<\/p>\n<\/li>\n<li data-start=\"2242\" data-end=\"2287\">\n<p data-start=\"2244\" data-end=\"2287\">Subvenciones espec\u00edficas y premios de infraestructura<\/p>\n<\/li>\n<\/ul>\n<p data-start=\"2289\" data-end=\"2316\">Esta iniciativa fomenta:<\/p>\n<ul data-start=\"2318\" data-end=\"2511\">\n<li data-start=\"2318\" data-end=\"2374\">\n<p data-start=\"2320\" data-end=\"2374\">Informe p\u00fablico anual de estad\u00edsticas de detenciones involuntarias<\/p>\n<\/li>\n<li data-start=\"2375\" data-end=\"2425\">\n<p data-start=\"2377\" data-end=\"2425\">Desgloses claros de las categor\u00edas de asignaci\u00f3n presupuestaria<\/p>\n<\/li>\n<li data-start=\"2426\" data-end=\"2461\">\n<p data-start=\"2428\" data-end=\"2461\">M\u00e9tricas de desempe\u00f1o basadas en resultados<\/p>\n<\/li>\n<li data-start=\"2462\" data-end=\"2511\">\n<p data-start=\"2464\" data-end=\"2511\">Res\u00famenes de actualizaciones de pol\u00edticas de acceso p\u00fablico<\/p>\n<\/li>\n<\/ul>\n<p data-start=\"2513\" data-end=\"2590\">La transparencia fortalece la rendici\u00f3n de cuentas sin socavar la prestaci\u00f3n de servicios.<\/p>\n<hr data-start=\"2592\" data-end=\"2595\">\n<h3 data-start=\"2597\" data-end=\"2637\">4. Fomentar la supervisi\u00f3n colaborativa<\/h3>\n<p data-start=\"2639\" data-end=\"2689\">La reforma es m\u00e1s eficaz cuando es colaborativa.<\/p>\n<p data-start=\"2691\" data-end=\"2711\">Acciones recomendadas:<\/p>\n<ul data-start=\"2712\" data-end=\"2944\">\n<li data-start=\"2712\" data-end=\"2810\">\n<p data-start=\"2714\" data-end=\"2810\">Establecer paneles asesores independientes que incluyan m\u00e9dicos, expertos legales y miembros de la comunidad.<\/p>\n<\/li>\n<li data-start=\"2811\" data-end=\"2854\">\n<p data-start=\"2813\" data-end=\"2854\">Organizar sesiones de escucha p\u00fablica estructuradas<\/p>\n<\/li>\n<li data-start=\"2855\" data-end=\"2890\">\n<p data-start=\"2857\" data-end=\"2890\">Implementar revisiones peri\u00f3dicas de pol\u00edticas<\/p>\n<\/li>\n<li data-start=\"2891\" data-end=\"2944\">\n<p data-start=\"2893\" data-end=\"2944\">Publicar res\u00famenes anuales de mejoras de procedimiento<\/p>\n<\/li>\n<\/ul>\n<p data-start=\"2946\" data-end=\"3011\">El compromiso constructivo fomenta mejoras duraderas y bipartidistas.<\/p>\n<hr data-start=\"3013\" data-end=\"3016\">\n<h2 data-start=\"3018\" data-end=\"3039\">Principios rectores<\/h2>\n<p data-start=\"3041\" data-end=\"3088\">Esta iniciativa se basa en cinco principios:<\/p>\n<ol data-start=\"3090\" data-end=\"3367\">\n<li data-start=\"3090\" data-end=\"3130\">\n<p data-start=\"3093\" data-end=\"3130\">La libertad requiere una administraci\u00f3n cuidadosa.<\/p>\n<\/li>\n<li data-start=\"3131\" data-end=\"3197\">\n<p data-start=\"3134\" data-end=\"3197\">La seguridad p\u00fablica y los derechos individuales no son mutuamente excluyentes.<\/p>\n<\/li>\n<li data-start=\"3198\" data-end=\"3251\">\n<p data-start=\"3201\" data-end=\"3251\">Los est\u00e1ndares m\u00e9dicos deben guiar las decisiones cl\u00ednicas.<\/p>\n<\/li>\n<li data-start=\"3252\" data-end=\"3304\">\n<p data-start=\"3255\" data-end=\"3304\">La transparencia refuerza la legitimidad institucional.<\/p>\n<\/li>\n<li data-start=\"3305\" data-end=\"3367\">\n<p data-start=\"3308\" data-end=\"3367\">La reforma puede ser constructiva, mesurada y centrada en soluciones.<\/p>\n<\/li>\n<\/ol>\n<hr data-start=\"3369\" data-end=\"3372\">\n<h2 data-start=\"3374\" data-end=\"3387\">Conclusi\u00f3n<\/h2>\n<p data-start=\"3389\" data-end=\"3572\">Los sistemas de salud conductual atienden necesidades esenciales de la comunidad. Garantizar las garant\u00edas procesales, la claridad m\u00e9dica y la transparencia financiera fortalece, en lugar de debilitar, estos sistemas. <\/p>\n<p data-start=\"3574\" data-end=\"3696\">Este resumen ejecutivo describe un camino a seguir basado en datos, colaborativo y centrado en la mejora sostenible.<\/p>\n<p data-start=\"3698\" data-end=\"3785\">Los sistemas eficaces no son aquellos que resisten el escrutinio, sino aquellos que evolucionan a trav\u00e9s de \u00e9l.<\/p>\n","protected":false},"excerpt":{"rendered":"<p>Iniciativa de reforma de la salud conductual Fortalecimiento del debido proceso, la integridad m\u00e9dica y la rendici\u00f3n&#8230;<\/p>\n","protected":false},"author":7,"featured_media":0,"parent":1107,"menu_order":0,"comment_status":"closed","ping_status":"closed","template":"","meta":{"_acf_changed":false,"nf_dc_page":"","footnotes":""},"class_list":["post-1127","page","type-page","status-publish","hentry"],"acf":[],"yoast_head":"<!-- This site is optimized with the Yoast SEO Premium plugin v26.7 (Yoast SEO v27.3) - https:\/\/yoast.com\/product\/yoast-seo-premium-wordpress\/ -->\n<title>Resumen ejecutivo - Dolphin Voyager, LLC<\/title>\n<meta name=\"robots\" content=\"index, follow, max-snippet:-1, max-image-preview:large, max-video-preview:-1\" \/>\n<link rel=\"canonical\" href=\"https:\/\/dolphinvoyager.com\/es\/restaurando-la-confianza-mediante-la-transparencia-y-el-debido-proceso-reforma-practica-sistemas-responsables-liderazgo-firme-iniciativa-de-reforma-de-la-salud-conductual\/resumen-ejecutivo\/\" \/>\n<meta property=\"og:locale\" content=\"es_ES\" \/>\n<meta property=\"og:type\" content=\"article\" \/>\n<meta property=\"og:title\" content=\"Resumen ejecutivo\" \/>\n<meta property=\"og:description\" content=\"Iniciativa de reforma de la salud conductual Fortalecimiento del debido proceso, la integridad m\u00e9dica y la rendici\u00f3n...\" \/>\n<meta property=\"og:url\" content=\"https:\/\/dolphinvoyager.com\/es\/restaurando-la-confianza-mediante-la-transparencia-y-el-debido-proceso-reforma-practica-sistemas-responsables-liderazgo-firme-iniciativa-de-reforma-de-la-salud-conductual\/resumen-ejecutivo\/\" \/>\n<meta property=\"og:site_name\" content=\"Dolphin Voyager, LLC\" \/>\n<meta property=\"article:publisher\" content=\"https:\/\/www.facebook.com\/people\/Finding-a-Place-in-the-Sun\/100092620906753\/\" \/>\n<meta name=\"twitter:card\" content=\"summary_large_image\" \/>\n<meta name=\"twitter:label1\" content=\"Tiempo de lectura\" \/>\n\t<meta name=\"twitter:data1\" content=\"3 minutos\" \/>\n<script type=\"application\/ld+json\" class=\"yoast-schema-graph\">{\"@context\":\"https:\\\/\\\/schema.org\",\"@graph\":[{\"@type\":\"WebPage\",\"@id\":\"https:\\\/\\\/dolphinvoyager.com\\\/es\\\/restaurando-la-confianza-mediante-la-transparencia-y-el-debido-proceso-reforma-practica-sistemas-responsables-liderazgo-firme-iniciativa-de-reforma-de-la-salud-conductual\\\/resumen-ejecutivo\\\/\",\"url\":\"https:\\\/\\\/dolphinvoyager.com\\\/es\\\/restaurando-la-confianza-mediante-la-transparencia-y-el-debido-proceso-reforma-practica-sistemas-responsables-liderazgo-firme-iniciativa-de-reforma-de-la-salud-conductual\\\/resumen-ejecutivo\\\/\",\"name\":\"Resumen ejecutivo - Dolphin Voyager, LLC\",\"isPartOf\":{\"@id\":\"https:\\\/\\\/dolphinvoyager.com\\\/es\\\/#website\"},\"datePublished\":\"2026-02-27T03:07:17+00:00\",\"breadcrumb\":{\"@id\":\"https:\\\/\\\/dolphinvoyager.com\\\/es\\\/restaurando-la-confianza-mediante-la-transparencia-y-el-debido-proceso-reforma-practica-sistemas-responsables-liderazgo-firme-iniciativa-de-reforma-de-la-salud-conductual\\\/resumen-ejecutivo\\\/#breadcrumb\"},\"inLanguage\":\"es\",\"potentialAction\":[{\"@type\":\"ReadAction\",\"target\":[\"https:\\\/\\\/dolphinvoyager.com\\\/es\\\/restaurando-la-confianza-mediante-la-transparencia-y-el-debido-proceso-reforma-practica-sistemas-responsables-liderazgo-firme-iniciativa-de-reforma-de-la-salud-conductual\\\/resumen-ejecutivo\\\/\"]}]},{\"@type\":\"BreadcrumbList\",\"@id\":\"https:\\\/\\\/dolphinvoyager.com\\\/es\\\/restaurando-la-confianza-mediante-la-transparencia-y-el-debido-proceso-reforma-practica-sistemas-responsables-liderazgo-firme-iniciativa-de-reforma-de-la-salud-conductual\\\/resumen-ejecutivo\\\/#breadcrumb\",\"itemListElement\":[{\"@type\":\"ListItem\",\"position\":1,\"name\":\"Home\",\"item\":\"https:\\\/\\\/dolphinvoyager.com\\\/es\\\/\"},{\"@type\":\"ListItem\",\"position\":2,\"name\":\"Iniciativa de reforma de la salud conductual\",\"item\":\"https:\\\/\\\/dolphinvoyager.com\\\/es\\\/restaurando-la-confianza-mediante-la-transparencia-y-el-debido-proceso-reforma-practica-sistemas-responsables-liderazgo-firme-iniciativa-de-reforma-de-la-salud-conductual\\\/\"},{\"@type\":\"ListItem\",\"position\":3,\"name\":\"Resumen ejecutivo\"}]},{\"@type\":\"WebSite\",\"@id\":\"https:\\\/\\\/dolphinvoyager.com\\\/es\\\/#website\",\"url\":\"https:\\\/\\\/dolphinvoyager.com\\\/es\\\/\",\"name\":\"Dolphin Voyager, LLC\",\"description\":\"Game-Driven Education\",\"publisher\":{\"@id\":\"https:\\\/\\\/dolphinvoyager.com\\\/es\\\/#organization\"},\"potentialAction\":[{\"@type\":\"SearchAction\",\"target\":{\"@type\":\"EntryPoint\",\"urlTemplate\":\"https:\\\/\\\/dolphinvoyager.com\\\/es\\\/?s={search_term_string}\"},\"query-input\":{\"@type\":\"PropertyValueSpecification\",\"valueRequired\":true,\"valueName\":\"search_term_string\"}}],\"inLanguage\":\"es\"},{\"@type\":\"Organization\",\"@id\":\"https:\\\/\\\/dolphinvoyager.com\\\/es\\\/#organization\",\"name\":\"Dolphin Voyager, LLC\",\"url\":\"https:\\\/\\\/dolphinvoyager.com\\\/es\\\/\",\"logo\":{\"@type\":\"ImageObject\",\"inLanguage\":\"es\",\"@id\":\"https:\\\/\\\/dolphinvoyager.com\\\/es\\\/#\\\/schema\\\/logo\\\/image\\\/\",\"url\":\"https:\\\/\\\/dolphinvoyager.com\\\/wp-content\\\/uploads\\\/2024\\\/10\\\/Logo_Color.png\",\"contentUrl\":\"https:\\\/\\\/dolphinvoyager.com\\\/wp-content\\\/uploads\\\/2024\\\/10\\\/Logo_Color.png\",\"width\":2501,\"height\":1105,\"caption\":\"Dolphin Voyager, LLC\"},\"image\":{\"@id\":\"https:\\\/\\\/dolphinvoyager.com\\\/es\\\/#\\\/schema\\\/logo\\\/image\\\/\"},\"sameAs\":[\"https:\\\/\\\/www.facebook.com\\\/people\\\/Finding-a-Place-in-the-Sun\\\/100092620906753\\\/\",\"https:\\\/\\\/www.instagram.com\\\/dolphinvoyager_\\\/\"]}]}<\/script>\n<!-- \/ Yoast SEO Premium plugin. -->","yoast_head_json":{"title":"Resumen ejecutivo - Dolphin Voyager, LLC","robots":{"index":"index","follow":"follow","max-snippet":"max-snippet:-1","max-image-preview":"max-image-preview:large","max-video-preview":"max-video-preview:-1"},"canonical":"https:\/\/dolphinvoyager.com\/es\/restaurando-la-confianza-mediante-la-transparencia-y-el-debido-proceso-reforma-practica-sistemas-responsables-liderazgo-firme-iniciativa-de-reforma-de-la-salud-conductual\/resumen-ejecutivo\/","og_locale":"es_ES","og_type":"article","og_title":"Resumen ejecutivo","og_description":"Iniciativa de reforma de la salud conductual Fortalecimiento del debido proceso, la integridad m\u00e9dica y la rendici\u00f3n...","og_url":"https:\/\/dolphinvoyager.com\/es\/restaurando-la-confianza-mediante-la-transparencia-y-el-debido-proceso-reforma-practica-sistemas-responsables-liderazgo-firme-iniciativa-de-reforma-de-la-salud-conductual\/resumen-ejecutivo\/","og_site_name":"Dolphin Voyager, LLC","article_publisher":"https:\/\/www.facebook.com\/people\/Finding-a-Place-in-the-Sun\/100092620906753\/","twitter_card":"summary_large_image","twitter_misc":{"Tiempo de lectura":"3 minutos"},"schema":{"@context":"https:\/\/schema.org","@graph":[{"@type":"WebPage","@id":"https:\/\/dolphinvoyager.com\/es\/restaurando-la-confianza-mediante-la-transparencia-y-el-debido-proceso-reforma-practica-sistemas-responsables-liderazgo-firme-iniciativa-de-reforma-de-la-salud-conductual\/resumen-ejecutivo\/","url":"https:\/\/dolphinvoyager.com\/es\/restaurando-la-confianza-mediante-la-transparencia-y-el-debido-proceso-reforma-practica-sistemas-responsables-liderazgo-firme-iniciativa-de-reforma-de-la-salud-conductual\/resumen-ejecutivo\/","name":"Resumen ejecutivo - Dolphin Voyager, LLC","isPartOf":{"@id":"https:\/\/dolphinvoyager.com\/es\/#website"},"datePublished":"2026-02-27T03:07:17+00:00","breadcrumb":{"@id":"https:\/\/dolphinvoyager.com\/es\/restaurando-la-confianza-mediante-la-transparencia-y-el-debido-proceso-reforma-practica-sistemas-responsables-liderazgo-firme-iniciativa-de-reforma-de-la-salud-conductual\/resumen-ejecutivo\/#breadcrumb"},"inLanguage":"es","potentialAction":[{"@type":"ReadAction","target":["https:\/\/dolphinvoyager.com\/es\/restaurando-la-confianza-mediante-la-transparencia-y-el-debido-proceso-reforma-practica-sistemas-responsables-liderazgo-firme-iniciativa-de-reforma-de-la-salud-conductual\/resumen-ejecutivo\/"]}]},{"@type":"BreadcrumbList","@id":"https:\/\/dolphinvoyager.com\/es\/restaurando-la-confianza-mediante-la-transparencia-y-el-debido-proceso-reforma-practica-sistemas-responsables-liderazgo-firme-iniciativa-de-reforma-de-la-salud-conductual\/resumen-ejecutivo\/#breadcrumb","itemListElement":[{"@type":"ListItem","position":1,"name":"Home","item":"https:\/\/dolphinvoyager.com\/es\/"},{"@type":"ListItem","position":2,"name":"Iniciativa de reforma de la salud conductual","item":"https:\/\/dolphinvoyager.com\/es\/restaurando-la-confianza-mediante-la-transparencia-y-el-debido-proceso-reforma-practica-sistemas-responsables-liderazgo-firme-iniciativa-de-reforma-de-la-salud-conductual\/"},{"@type":"ListItem","position":3,"name":"Resumen ejecutivo"}]},{"@type":"WebSite","@id":"https:\/\/dolphinvoyager.com\/es\/#website","url":"https:\/\/dolphinvoyager.com\/es\/","name":"Dolphin Voyager, LLC","description":"Game-Driven Education","publisher":{"@id":"https:\/\/dolphinvoyager.com\/es\/#organization"},"potentialAction":[{"@type":"SearchAction","target":{"@type":"EntryPoint","urlTemplate":"https:\/\/dolphinvoyager.com\/es\/?s={search_term_string}"},"query-input":{"@type":"PropertyValueSpecification","valueRequired":true,"valueName":"search_term_string"}}],"inLanguage":"es"},{"@type":"Organization","@id":"https:\/\/dolphinvoyager.com\/es\/#organization","name":"Dolphin Voyager, LLC","url":"https:\/\/dolphinvoyager.com\/es\/","logo":{"@type":"ImageObject","inLanguage":"es","@id":"https:\/\/dolphinvoyager.com\/es\/#\/schema\/logo\/image\/","url":"https:\/\/dolphinvoyager.com\/wp-content\/uploads\/2024\/10\/Logo_Color.png","contentUrl":"https:\/\/dolphinvoyager.com\/wp-content\/uploads\/2024\/10\/Logo_Color.png","width":2501,"height":1105,"caption":"Dolphin Voyager, LLC"},"image":{"@id":"https:\/\/dolphinvoyager.com\/es\/#\/schema\/logo\/image\/"},"sameAs":["https:\/\/www.facebook.com\/people\/Finding-a-Place-in-the-Sun\/100092620906753\/","https:\/\/www.instagram.com\/dolphinvoyager_\/"]}]}},"jetpack_sharing_enabled":true,"jetpack_likes_enabled":true,"_links":{"self":[{"href":"https:\/\/dolphinvoyager.com\/es\/wp-json\/wp\/v2\/pages\/1127","targetHints":{"allow":["GET"]}}],"collection":[{"href":"https:\/\/dolphinvoyager.com\/es\/wp-json\/wp\/v2\/pages"}],"about":[{"href":"https:\/\/dolphinvoyager.com\/es\/wp-json\/wp\/v2\/types\/page"}],"author":[{"embeddable":true,"href":"https:\/\/dolphinvoyager.com\/es\/wp-json\/wp\/v2\/users\/7"}],"replies":[{"embeddable":true,"href":"https:\/\/dolphinvoyager.com\/es\/wp-json\/wp\/v2\/comments?post=1127"}],"version-history":[{"count":0,"href":"https:\/\/dolphinvoyager.com\/es\/wp-json\/wp\/v2\/pages\/1127\/revisions"}],"up":[{"embeddable":true,"href":"https:\/\/dolphinvoyager.com\/es\/wp-json\/wp\/v2\/pages\/1107"}],"wp:attachment":[{"href":"https:\/\/dolphinvoyager.com\/es\/wp-json\/wp\/v2\/media?parent=1127"}],"curies":[{"name":"wp","href":"https:\/\/api.w.org\/{rel}","templated":true}]}}