{"id":1120,"date":"2026-02-27T02:59:09","date_gmt":"2026-02-27T02:59:09","guid":{"rendered":"https:\/\/dolphinvoyager.com\/restaurando-la-confianza-mediante-la-transparencia-y-el-debido-proceso-reforma-practica-sistemas-responsables-liderazgo-firme-iniciativa-de-reforma-de-la-salud-conductual\/marco-de-politicas\/"},"modified":"2026-02-27T02:59:09","modified_gmt":"2026-02-27T02:59:09","slug":"marco-de-politicas","status":"publish","type":"page","link":"https:\/\/dolphinvoyager.com\/es\/restaurando-la-confianza-mediante-la-transparencia-y-el-debido-proceso-reforma-practica-sistemas-responsables-liderazgo-firme-iniciativa-de-reforma-de-la-salud-conductual\/marco-de-politicas\/","title":{"rendered":"Marco de pol\u00edticas"},"content":{"rendered":"<h3 data-start=\"175\" data-end=\"250\">Fortalecimiento del debido proceso, la integridad m\u00e9dica y la rendici\u00f3n de cuentas p\u00fablica<\/h3>\n<p data-start=\"252\" data-end=\"425\">Este marco de pol\u00edticas describe reformas pr\u00e1cticas dise\u00f1adas para mejorar la transparencia, proteger las libertades civiles y reforzar los est\u00e1ndares m\u00e9dicos dentro de los sistemas de salud conductual.<\/p>\n<p data-start=\"427\" data-end=\"604\">El objetivo no es debilitar los servicios necesarios, sino garantizar que cuando se ejerce la autoridad, se ejerza con cuidado, de manera proporcional y con una responsabilidad mensurable.<\/p>\n<hr data-start=\"606\" data-end=\"609\">\n<h2 data-start=\"611\" data-end=\"639\">I. Garant\u00edas del debido proceso<\/h2>\n<p data-start=\"641\" data-end=\"750\">Cuando la libertad se restringe a trav\u00e9s de una evaluaci\u00f3n o internamiento involuntario, la integridad procesal debe ser s\u00f3lida.<\/p>\n<p data-start=\"752\" data-end=\"775\"><strong data-start=\"752\" data-end=\"775\">Normas propuestas:<\/strong><\/p>\n<h3 data-start=\"777\" data-end=\"814\">1. Oportunidad de audiencia significativa<\/h3>\n<ul data-start=\"815\" data-end=\"984\">\n<li data-start=\"815\" data-end=\"910\">\n<p data-start=\"817\" data-end=\"910\">Establecer un tiempo m\u00ednimo de presentaci\u00f3n recomendado en las audiencias de compromiso civil, a menos que se exima del mismo.<\/p>\n<\/li>\n<li data-start=\"911\" data-end=\"984\">\n<p data-start=\"913\" data-end=\"984\">Exigir que se proporcionen res\u00famenes escritos de los hallazgos al individuo.<\/p>\n<\/li>\n<\/ul>\n<h3 data-start=\"986\" data-end=\"1020\">2. Justificaci\u00f3n clara por escrito<\/h3>\n<ul data-start=\"1021\" data-end=\"1189\">\n<li data-start=\"1021\" data-end=\"1128\">\n<p data-start=\"1023\" data-end=\"1056\">Las \u00f3rdenes de compromiso deben especificar:<\/p>\n<ul data-start=\"1059\" data-end=\"1128\">\n<li data-start=\"1059\" data-end=\"1074\">\n<p data-start=\"1061\" data-end=\"1074\">Base f\u00e1ctica<\/p>\n<\/li>\n<li data-start=\"1077\" data-end=\"1104\">\n<p data-start=\"1079\" data-end=\"1104\">Criterios cl\u00ednicos aplicados<\/p>\n<\/li>\n<li data-start=\"1107\" data-end=\"1128\">\n<p data-start=\"1109\" data-end=\"1128\">Pruebas consideradas<\/p>\n<\/li>\n<\/ul>\n<\/li>\n<li data-start=\"1129\" data-end=\"1189\">\n<p data-start=\"1131\" data-end=\"1189\">El lenguaje debe ser comprensible para un p\u00fablico no jur\u00eddico.<\/p>\n<\/li>\n<\/ul>\n<h3 data-start=\"1191\" data-end=\"1226\">3. Mecanismo de revisi\u00f3n independiente<\/h3>\n<ul data-start=\"1227\" data-end=\"1339\">\n<li data-start=\"1227\" data-end=\"1274\">\n<p data-start=\"1229\" data-end=\"1274\">Evaluaci\u00f3n secundaria autom\u00e1tica cuando sea posible.<\/p>\n<\/li>\n<li data-start=\"1275\" data-end=\"1339\">\n<p data-start=\"1277\" data-end=\"1339\">Proceso claro para solicitar revisi\u00f3n sin penalizaci\u00f3n ni estigma.<\/p>\n<\/li>\n<\/ul>\n<h3 data-start=\"1341\" data-end=\"1378\">4. Notificaci\u00f3n de derechos documentados<\/h3>\n<ul data-start=\"1379\" data-end=\"1528\">\n<li data-start=\"1379\" data-end=\"1528\">\n<p data-start=\"1381\" data-end=\"1438\">Confirmaci\u00f3n escrita de que el individuo fue informado de:<\/p>\n<ul data-start=\"1441\" data-end=\"1528\">\n<li data-start=\"1441\" data-end=\"1466\">\n<p data-start=\"1443\" data-end=\"1466\">Derecho a representaci\u00f3n<\/p>\n<\/li>\n<li data-start=\"1469\" data-end=\"1486\">\n<p data-start=\"1471\" data-end=\"1486\">Derecho a apelar<\/p>\n<\/li>\n<li data-start=\"1489\" data-end=\"1528\">\n<p data-start=\"1491\" data-end=\"1528\">Derecho a apoyo de defensa independiente<\/p>\n<\/li>\n<\/ul>\n<\/li>\n<\/ul>\n<hr data-start=\"1530\" data-end=\"1533\">\n<h2 data-start=\"1535\" data-end=\"1586\">II. Integridad m\u00e9dica y claridad en la clasificaci\u00f3n <\/h2>\n<p data-start=\"1588\" data-end=\"1695\">Los sistemas de salud conductual deben distinguir claramente entre deterioro m\u00e9dico y no conformidad conductual.<\/p>\n<p data-start=\"1697\" data-end=\"1719\"><strong data-start=\"1697\" data-end=\"1719\">Objetivos de la reforma:<\/strong><\/p>\n<h3 data-start=\"1721\" data-end=\"1751\">1. Transparencia diagn\u00f3stica<\/h3>\n<ul data-start=\"1752\" data-end=\"1859\">\n<li data-start=\"1752\" data-end=\"1859\">\n<p data-start=\"1754\" data-end=\"1785\">Documentaci\u00f3n clara que separa:<\/p>\n<ul data-start=\"1788\" data-end=\"1859\">\n<li data-start=\"1788\" data-end=\"1806\">\n<p data-start=\"1790\" data-end=\"1806\">S\u00edntomas m\u00e9dicos<\/p>\n<\/li>\n<li data-start=\"1809\" data-end=\"1832\">\n<p data-start=\"1811\" data-end=\"1832\">Factores estresantes situacionales<\/p>\n<\/li>\n<li data-start=\"1835\" data-end=\"1859\">\n<p data-start=\"1837\" data-end=\"1859\">Comportamientos no cl\u00ednicos<\/p>\n<\/li>\n<\/ul>\n<\/li>\n<\/ul>\n<h3 data-start=\"1861\" data-end=\"1892\">2. Est\u00e1ndares basados \u200b\u200ben evidencia<\/h3>\n<ul data-start=\"1893\" data-end=\"2013\">\n<li data-start=\"1893\" data-end=\"1957\">\n<p data-start=\"1895\" data-end=\"1957\">Alineaci\u00f3n con las mejores pr\u00e1cticas m\u00e9dicas y psiqui\u00e1tricas actuales.<\/p>\n<\/li>\n<li data-start=\"1958\" data-end=\"2013\">\n<p data-start=\"1960\" data-end=\"2013\">Criterios claros para la determinaci\u00f3n de \u201cincapacidad grave\u201d.<\/p>\n<\/li>\n<\/ul>\n<h3 data-start=\"2015\" data-end=\"2057\">3. Funciones m\u00e9dicas vs. administrativas<\/h3>\n<ul data-start=\"2058\" data-end=\"2167\">\n<li data-start=\"2058\" data-end=\"2167\">\n<p data-start=\"2060\" data-end=\"2086\">Delimitaci\u00f3n clara entre:<\/p>\n<ul data-start=\"2089\" data-end=\"2167\">\n<li data-start=\"2089\" data-end=\"2115\">\n<p data-start=\"2091\" data-end=\"2115\">Funciones del tratamiento cl\u00ednico<\/p>\n<\/li>\n<li data-start=\"2118\" data-end=\"2167\">\n<p data-start=\"2120\" data-end=\"2167\">Funciones administrativas o relacionadas con la ejecuci\u00f3n<\/p>\n<\/li>\n<\/ul>\n<\/li>\n<\/ul>\n<p data-start=\"2169\" data-end=\"2255\">El objetivo es garantizar que la atenci\u00f3n siga teniendo una base m\u00e9dica en lugar de estar impulsada por procedimientos.<\/p>\n<hr data-start=\"2257\" data-end=\"2260\">\n<h2 data-start=\"2262\" data-end=\"2311\">III. Transparencia en la financiaci\u00f3n de la salud conductual <\/h2>\n<p data-start=\"2313\" data-end=\"2417\">Los programas de salud conductual reciben una importante inversi\u00f3n p\u00fablica. La transparencia fortalece la confianza p\u00fablica. <\/p>\n<p data-start=\"2419\" data-end=\"2439\"><strong data-start=\"2419\" data-end=\"2439\">Recomendaciones:<\/strong><\/p>\n<h3 data-start=\"2441\" data-end=\"2471\">1. Informe p\u00fablico anual<\/h3>\n<ul data-start=\"2472\" data-end=\"2578\">\n<li data-start=\"2472\" data-end=\"2497\">\n<p data-start=\"2474\" data-end=\"2497\">Retenciones involuntarias totales<\/p>\n<\/li>\n<li data-start=\"2498\" data-end=\"2516\">\n<p data-start=\"2500\" data-end=\"2516\">Duraci\u00f3n media<\/p>\n<\/li>\n<li data-start=\"2517\" data-end=\"2549\">\n<p data-start=\"2519\" data-end=\"2549\">Porcentaje confirmado despu\u00e9s de la revisi\u00f3n<\/p>\n<\/li>\n<li data-start=\"2550\" data-end=\"2578\">\n<p data-start=\"2552\" data-end=\"2578\">Resultados tras la liberaci\u00f3n<\/p>\n<\/li>\n<\/ul>\n<h3 data-start=\"2580\" data-end=\"2612\">2. Claridad en la asignaci\u00f3n presupuestaria<\/h3>\n<ul data-start=\"2613\" data-end=\"2753\">\n<li data-start=\"2613\" data-end=\"2753\">\n<p data-start=\"2615\" data-end=\"2647\">Desglose de los fondos asignados a:<\/p>\n<ul data-start=\"2650\" data-end=\"2753\">\n<li data-start=\"2650\" data-end=\"2671\">\n<p data-start=\"2652\" data-end=\"2671\">Atenci\u00f3n directa al paciente<\/p>\n<\/li>\n<li data-start=\"2674\" data-end=\"2701\">\n<p data-start=\"2676\" data-end=\"2701\">Operaciones administrativas<\/p>\n<\/li>\n<li data-start=\"2704\" data-end=\"2720\">\n<p data-start=\"2706\" data-end=\"2720\">Infraestructura<\/p>\n<\/li>\n<li data-start=\"2723\" data-end=\"2753\">\n<p data-start=\"2725\" data-end=\"2753\">Programas de integraci\u00f3n de la justicia<\/p>\n<\/li>\n<\/ul>\n<\/li>\n<\/ul>\n<h3 data-start=\"2755\" data-end=\"2783\">3. M\u00e9tricas basadas en resultados<\/h3>\n<ul data-start=\"2784\" data-end=\"2920\">\n<li data-start=\"2784\" data-end=\"2920\">\n<p data-start=\"2786\" data-end=\"2828\">Publicar indicadores de mejora mensurables:<\/p>\n<ul data-start=\"2831\" data-end=\"2920\">\n<li data-start=\"2831\" data-end=\"2854\">\n<p data-start=\"2833\" data-end=\"2854\">Estabilizaci\u00f3n de la vivienda<\/p>\n<\/li>\n<li data-start=\"2857\" data-end=\"2879\">\n<p data-start=\"2859\" data-end=\"2879\">Continuidad del tratamiento<\/p>\n<\/li>\n<li data-start=\"2882\" data-end=\"2920\">\n<p data-start=\"2884\" data-end=\"2920\">Reducci\u00f3n de la reincidencia (si corresponde)<\/p>\n<\/li>\n<\/ul>\n<\/li>\n<\/ul>\n<p data-start=\"2922\" data-end=\"2989\">La transparencia no es algo conflictivo: es fundamental para la legitimidad.<\/p>\n<hr data-start=\"2991\" data-end=\"2994\">\n<h2 data-start=\"2996\" data-end=\"3040\">IV. Supervisi\u00f3n y colaboraci\u00f3n comunitaria <\/h2>\n<p data-start=\"3042\" data-end=\"3112\">Una reforma constructiva requiere participaci\u00f3n desde m\u00faltiples perspectivas.<\/p>\n<p data-start=\"3114\" data-end=\"3138\"><strong data-start=\"3114\" data-end=\"3138\">Estructuras propuestas:<\/strong><\/p>\n<h3 data-start=\"3140\" data-end=\"3173\">1. Panel Asesor Independiente<\/h3>\n<ul data-start=\"3174\" data-end=\"3258\">\n<li data-start=\"3174\" data-end=\"3186\">\n<p data-start=\"3176\" data-end=\"3186\">m\u00e9dicos cl\u00ednicos<\/p>\n<\/li>\n<li data-start=\"3187\" data-end=\"3202\">\n<p data-start=\"3189\" data-end=\"3202\">Expertos legales<\/p>\n<\/li>\n<li data-start=\"3203\" data-end=\"3222\">\n<p data-start=\"3205\" data-end=\"3222\">Miembros de la comunidad<\/p>\n<\/li>\n<li data-start=\"3223\" data-end=\"3258\">\n<p data-start=\"3225\" data-end=\"3258\">Personas con experiencia vivida<\/p>\n<\/li>\n<\/ul>\n<h3 data-start=\"3260\" data-end=\"3292\">2. Sesiones de escucha p\u00fablica<\/h3>\n<ul data-start=\"3293\" data-end=\"3390\">\n<li data-start=\"3293\" data-end=\"3343\">\n<p data-start=\"3295\" data-end=\"3343\">Foros estructurados centrados en la mejora de pol\u00edticas.<\/p>\n<\/li>\n<li data-start=\"3344\" data-end=\"3390\">\n<p data-start=\"3346\" data-end=\"3390\">Discusiones moderadas centradas en soluciones.<\/p>\n<\/li>\n<\/ul>\n<h3 data-start=\"3392\" data-end=\"3422\">3. Ciclo de revisi\u00f3n continua<\/h3>\n<ul data-start=\"3423\" data-end=\"3499\">\n<li data-start=\"3423\" data-end=\"3459\">\n<p data-start=\"3425\" data-end=\"3459\">Evaluaci\u00f3n de pol\u00edticas cada 2-3 a\u00f1os.<\/p>\n<\/li>\n<li data-start=\"3460\" data-end=\"3499\">\n<p data-start=\"3462\" data-end=\"3499\">Resumen p\u00fablico de cambios e impacto.<\/p>\n<\/li>\n<\/ul>\n<hr data-start=\"3501\" data-end=\"3504\">\n<h2 data-start=\"3506\" data-end=\"3530\">V. Principios rectores<\/h2>\n<p data-start=\"3532\" data-end=\"3578\">Este marco se basa en cinco principios:<\/p>\n<ol data-start=\"3580\" data-end=\"3799\">\n<li data-start=\"3580\" data-end=\"3620\">\n<p data-start=\"3583\" data-end=\"3620\">La libertad requiere una administraci\u00f3n cuidadosa.<\/p>\n<\/li>\n<li data-start=\"3621\" data-end=\"3673\">\n<p data-start=\"3624\" data-end=\"3673\">El tratamiento m\u00e9dico debe estar cl\u00ednicamente justificado.<\/p>\n<\/li>\n<li data-start=\"3674\" data-end=\"3708\">\n<p data-start=\"3677\" data-end=\"3708\">La transparencia fortalece la confianza.<\/p>\n<\/li>\n<li data-start=\"3709\" data-end=\"3739\">\n<p data-start=\"3712\" data-end=\"3739\">La supervisi\u00f3n mejora los sistemas.<\/p>\n<\/li>\n<li data-start=\"3740\" data-end=\"3799\">\n<p data-start=\"3743\" data-end=\"3799\">La reforma puede ser colaborativa en lugar de confrontativa.<\/p>\n<\/li>\n<\/ol>\n<hr data-start=\"3801\" data-end=\"3804\">\n<h3 data-start=\"3806\" data-end=\"3827\">Declaraci\u00f3n de cierre<\/h3>\n<p data-start=\"3829\" data-end=\"3997\">Los sistemas de salud conductual desempe\u00f1an un papel esencial en el bienestar comunitario. Garantizar las garant\u00edas procesales y la transparencia no debilita ese papel, sino que lo refuerza. <\/p>\n<p data-start=\"3999\" data-end=\"4087\">Los sistemas eficaces no son aquellos que resisten el escrutinio, sino aquellos que mejoran a trav\u00e9s de \u00e9l.<\/p>\n<p data-start=\"4089\" data-end=\"4178\">Este marco invita al di\u00e1logo reflexivo, a la reforma mensurable y a la responsabilidad compartida.<\/p>\n","protected":false},"excerpt":{"rendered":"<p>Fortalecimiento del debido proceso, la integridad m\u00e9dica y la rendici\u00f3n de cuentas p\u00fablica Este marco de pol\u00edticas&#8230;<\/p>\n","protected":false},"author":7,"featured_media":0,"parent":1107,"menu_order":0,"comment_status":"closed","ping_status":"closed","template":"","meta":{"_acf_changed":false,"nf_dc_page":"","footnotes":""},"class_list":["post-1120","page","type-page","status-publish","hentry"],"acf":[],"yoast_head":"<!-- This site is optimized with the Yoast SEO Premium plugin v26.7 (Yoast SEO v27.3) - https:\/\/yoast.com\/product\/yoast-seo-premium-wordpress\/ -->\n<title>Marco de pol\u00edticas - Dolphin Voyager, LLC<\/title>\n<meta name=\"robots\" content=\"index, follow, max-snippet:-1, max-image-preview:large, max-video-preview:-1\" \/>\n<link rel=\"canonical\" href=\"https:\/\/dolphinvoyager.com\/es\/restaurando-la-confianza-mediante-la-transparencia-y-el-debido-proceso-reforma-practica-sistemas-responsables-liderazgo-firme-iniciativa-de-reforma-de-la-salud-conductual\/marco-de-politicas\/\" \/>\n<meta property=\"og:locale\" content=\"es_ES\" \/>\n<meta property=\"og:type\" content=\"article\" \/>\n<meta property=\"og:title\" content=\"Marco de pol\u00edticas\" \/>\n<meta property=\"og:description\" content=\"Fortalecimiento del debido proceso, la integridad m\u00e9dica y la rendici\u00f3n de cuentas p\u00fablica Este marco de pol\u00edticas...\" \/>\n<meta property=\"og:url\" content=\"https:\/\/dolphinvoyager.com\/es\/restaurando-la-confianza-mediante-la-transparencia-y-el-debido-proceso-reforma-practica-sistemas-responsables-liderazgo-firme-iniciativa-de-reforma-de-la-salud-conductual\/marco-de-politicas\/\" \/>\n<meta property=\"og:site_name\" content=\"Dolphin Voyager, LLC\" \/>\n<meta property=\"article:publisher\" content=\"https:\/\/www.facebook.com\/people\/Finding-a-Place-in-the-Sun\/100092620906753\/\" \/>\n<meta name=\"twitter:card\" content=\"summary_large_image\" \/>\n<meta name=\"twitter:label1\" content=\"Tiempo de lectura\" \/>\n\t<meta name=\"twitter:data1\" content=\"3 minutos\" \/>\n<script type=\"application\/ld+json\" class=\"yoast-schema-graph\">{\"@context\":\"https:\\\/\\\/schema.org\",\"@graph\":[{\"@type\":\"WebPage\",\"@id\":\"https:\\\/\\\/dolphinvoyager.com\\\/es\\\/restaurando-la-confianza-mediante-la-transparencia-y-el-debido-proceso-reforma-practica-sistemas-responsables-liderazgo-firme-iniciativa-de-reforma-de-la-salud-conductual\\\/marco-de-politicas\\\/\",\"url\":\"https:\\\/\\\/dolphinvoyager.com\\\/es\\\/restaurando-la-confianza-mediante-la-transparencia-y-el-debido-proceso-reforma-practica-sistemas-responsables-liderazgo-firme-iniciativa-de-reforma-de-la-salud-conductual\\\/marco-de-politicas\\\/\",\"name\":\"Marco de pol\u00edticas - Dolphin Voyager, LLC\",\"isPartOf\":{\"@id\":\"https:\\\/\\\/dolphinvoyager.com\\\/es\\\/#website\"},\"datePublished\":\"2026-02-27T02:59:09+00:00\",\"breadcrumb\":{\"@id\":\"https:\\\/\\\/dolphinvoyager.com\\\/es\\\/restaurando-la-confianza-mediante-la-transparencia-y-el-debido-proceso-reforma-practica-sistemas-responsables-liderazgo-firme-iniciativa-de-reforma-de-la-salud-conductual\\\/marco-de-politicas\\\/#breadcrumb\"},\"inLanguage\":\"es\",\"potentialAction\":[{\"@type\":\"ReadAction\",\"target\":[\"https:\\\/\\\/dolphinvoyager.com\\\/es\\\/restaurando-la-confianza-mediante-la-transparencia-y-el-debido-proceso-reforma-practica-sistemas-responsables-liderazgo-firme-iniciativa-de-reforma-de-la-salud-conductual\\\/marco-de-politicas\\\/\"]}]},{\"@type\":\"BreadcrumbList\",\"@id\":\"https:\\\/\\\/dolphinvoyager.com\\\/es\\\/restaurando-la-confianza-mediante-la-transparencia-y-el-debido-proceso-reforma-practica-sistemas-responsables-liderazgo-firme-iniciativa-de-reforma-de-la-salud-conductual\\\/marco-de-politicas\\\/#breadcrumb\",\"itemListElement\":[{\"@type\":\"ListItem\",\"position\":1,\"name\":\"Home\",\"item\":\"https:\\\/\\\/dolphinvoyager.com\\\/es\\\/\"},{\"@type\":\"ListItem\",\"position\":2,\"name\":\"Iniciativa de reforma de la salud conductual\",\"item\":\"https:\\\/\\\/dolphinvoyager.com\\\/es\\\/restaurando-la-confianza-mediante-la-transparencia-y-el-debido-proceso-reforma-practica-sistemas-responsables-liderazgo-firme-iniciativa-de-reforma-de-la-salud-conductual\\\/\"},{\"@type\":\"ListItem\",\"position\":3,\"name\":\"Marco de pol\u00edticas\"}]},{\"@type\":\"WebSite\",\"@id\":\"https:\\\/\\\/dolphinvoyager.com\\\/es\\\/#website\",\"url\":\"https:\\\/\\\/dolphinvoyager.com\\\/es\\\/\",\"name\":\"Dolphin Voyager, LLC\",\"description\":\"Game-Driven Education\",\"publisher\":{\"@id\":\"https:\\\/\\\/dolphinvoyager.com\\\/es\\\/#organization\"},\"potentialAction\":[{\"@type\":\"SearchAction\",\"target\":{\"@type\":\"EntryPoint\",\"urlTemplate\":\"https:\\\/\\\/dolphinvoyager.com\\\/es\\\/?s={search_term_string}\"},\"query-input\":{\"@type\":\"PropertyValueSpecification\",\"valueRequired\":true,\"valueName\":\"search_term_string\"}}],\"inLanguage\":\"es\"},{\"@type\":\"Organization\",\"@id\":\"https:\\\/\\\/dolphinvoyager.com\\\/es\\\/#organization\",\"name\":\"Dolphin Voyager, LLC\",\"url\":\"https:\\\/\\\/dolphinvoyager.com\\\/es\\\/\",\"logo\":{\"@type\":\"ImageObject\",\"inLanguage\":\"es\",\"@id\":\"https:\\\/\\\/dolphinvoyager.com\\\/es\\\/#\\\/schema\\\/logo\\\/image\\\/\",\"url\":\"https:\\\/\\\/dolphinvoyager.com\\\/wp-content\\\/uploads\\\/2024\\\/10\\\/Logo_Color.png\",\"contentUrl\":\"https:\\\/\\\/dolphinvoyager.com\\\/wp-content\\\/uploads\\\/2024\\\/10\\\/Logo_Color.png\",\"width\":2501,\"height\":1105,\"caption\":\"Dolphin Voyager, LLC\"},\"image\":{\"@id\":\"https:\\\/\\\/dolphinvoyager.com\\\/es\\\/#\\\/schema\\\/logo\\\/image\\\/\"},\"sameAs\":[\"https:\\\/\\\/www.facebook.com\\\/people\\\/Finding-a-Place-in-the-Sun\\\/100092620906753\\\/\",\"https:\\\/\\\/www.instagram.com\\\/dolphinvoyager_\\\/\"]}]}<\/script>\n<!-- \/ Yoast SEO Premium plugin. -->","yoast_head_json":{"title":"Marco de pol\u00edticas - Dolphin Voyager, LLC","robots":{"index":"index","follow":"follow","max-snippet":"max-snippet:-1","max-image-preview":"max-image-preview:large","max-video-preview":"max-video-preview:-1"},"canonical":"https:\/\/dolphinvoyager.com\/es\/restaurando-la-confianza-mediante-la-transparencia-y-el-debido-proceso-reforma-practica-sistemas-responsables-liderazgo-firme-iniciativa-de-reforma-de-la-salud-conductual\/marco-de-politicas\/","og_locale":"es_ES","og_type":"article","og_title":"Marco de pol\u00edticas","og_description":"Fortalecimiento del debido proceso, la integridad m\u00e9dica y la rendici\u00f3n de cuentas p\u00fablica Este marco de pol\u00edticas...","og_url":"https:\/\/dolphinvoyager.com\/es\/restaurando-la-confianza-mediante-la-transparencia-y-el-debido-proceso-reforma-practica-sistemas-responsables-liderazgo-firme-iniciativa-de-reforma-de-la-salud-conductual\/marco-de-politicas\/","og_site_name":"Dolphin Voyager, LLC","article_publisher":"https:\/\/www.facebook.com\/people\/Finding-a-Place-in-the-Sun\/100092620906753\/","twitter_card":"summary_large_image","twitter_misc":{"Tiempo de lectura":"3 minutos"},"schema":{"@context":"https:\/\/schema.org","@graph":[{"@type":"WebPage","@id":"https:\/\/dolphinvoyager.com\/es\/restaurando-la-confianza-mediante-la-transparencia-y-el-debido-proceso-reforma-practica-sistemas-responsables-liderazgo-firme-iniciativa-de-reforma-de-la-salud-conductual\/marco-de-politicas\/","url":"https:\/\/dolphinvoyager.com\/es\/restaurando-la-confianza-mediante-la-transparencia-y-el-debido-proceso-reforma-practica-sistemas-responsables-liderazgo-firme-iniciativa-de-reforma-de-la-salud-conductual\/marco-de-politicas\/","name":"Marco de pol\u00edticas - Dolphin Voyager, LLC","isPartOf":{"@id":"https:\/\/dolphinvoyager.com\/es\/#website"},"datePublished":"2026-02-27T02:59:09+00:00","breadcrumb":{"@id":"https:\/\/dolphinvoyager.com\/es\/restaurando-la-confianza-mediante-la-transparencia-y-el-debido-proceso-reforma-practica-sistemas-responsables-liderazgo-firme-iniciativa-de-reforma-de-la-salud-conductual\/marco-de-politicas\/#breadcrumb"},"inLanguage":"es","potentialAction":[{"@type":"ReadAction","target":["https:\/\/dolphinvoyager.com\/es\/restaurando-la-confianza-mediante-la-transparencia-y-el-debido-proceso-reforma-practica-sistemas-responsables-liderazgo-firme-iniciativa-de-reforma-de-la-salud-conductual\/marco-de-politicas\/"]}]},{"@type":"BreadcrumbList","@id":"https:\/\/dolphinvoyager.com\/es\/restaurando-la-confianza-mediante-la-transparencia-y-el-debido-proceso-reforma-practica-sistemas-responsables-liderazgo-firme-iniciativa-de-reforma-de-la-salud-conductual\/marco-de-politicas\/#breadcrumb","itemListElement":[{"@type":"ListItem","position":1,"name":"Home","item":"https:\/\/dolphinvoyager.com\/es\/"},{"@type":"ListItem","position":2,"name":"Iniciativa de reforma de la salud conductual","item":"https:\/\/dolphinvoyager.com\/es\/restaurando-la-confianza-mediante-la-transparencia-y-el-debido-proceso-reforma-practica-sistemas-responsables-liderazgo-firme-iniciativa-de-reforma-de-la-salud-conductual\/"},{"@type":"ListItem","position":3,"name":"Marco de pol\u00edticas"}]},{"@type":"WebSite","@id":"https:\/\/dolphinvoyager.com\/es\/#website","url":"https:\/\/dolphinvoyager.com\/es\/","name":"Dolphin Voyager, LLC","description":"Game-Driven Education","publisher":{"@id":"https:\/\/dolphinvoyager.com\/es\/#organization"},"potentialAction":[{"@type":"SearchAction","target":{"@type":"EntryPoint","urlTemplate":"https:\/\/dolphinvoyager.com\/es\/?s={search_term_string}"},"query-input":{"@type":"PropertyValueSpecification","valueRequired":true,"valueName":"search_term_string"}}],"inLanguage":"es"},{"@type":"Organization","@id":"https:\/\/dolphinvoyager.com\/es\/#organization","name":"Dolphin Voyager, LLC","url":"https:\/\/dolphinvoyager.com\/es\/","logo":{"@type":"ImageObject","inLanguage":"es","@id":"https:\/\/dolphinvoyager.com\/es\/#\/schema\/logo\/image\/","url":"https:\/\/dolphinvoyager.com\/wp-content\/uploads\/2024\/10\/Logo_Color.png","contentUrl":"https:\/\/dolphinvoyager.com\/wp-content\/uploads\/2024\/10\/Logo_Color.png","width":2501,"height":1105,"caption":"Dolphin Voyager, LLC"},"image":{"@id":"https:\/\/dolphinvoyager.com\/es\/#\/schema\/logo\/image\/"},"sameAs":["https:\/\/www.facebook.com\/people\/Finding-a-Place-in-the-Sun\/100092620906753\/","https:\/\/www.instagram.com\/dolphinvoyager_\/"]}]}},"jetpack_sharing_enabled":true,"jetpack_likes_enabled":true,"_links":{"self":[{"href":"https:\/\/dolphinvoyager.com\/es\/wp-json\/wp\/v2\/pages\/1120","targetHints":{"allow":["GET"]}}],"collection":[{"href":"https:\/\/dolphinvoyager.com\/es\/wp-json\/wp\/v2\/pages"}],"about":[{"href":"https:\/\/dolphinvoyager.com\/es\/wp-json\/wp\/v2\/types\/page"}],"author":[{"embeddable":true,"href":"https:\/\/dolphinvoyager.com\/es\/wp-json\/wp\/v2\/users\/7"}],"replies":[{"embeddable":true,"href":"https:\/\/dolphinvoyager.com\/es\/wp-json\/wp\/v2\/comments?post=1120"}],"version-history":[{"count":0,"href":"https:\/\/dolphinvoyager.com\/es\/wp-json\/wp\/v2\/pages\/1120\/revisions"}],"up":[{"embeddable":true,"href":"https:\/\/dolphinvoyager.com\/es\/wp-json\/wp\/v2\/pages\/1107"}],"wp:attachment":[{"href":"https:\/\/dolphinvoyager.com\/es\/wp-json\/wp\/v2\/media?parent=1120"}],"curies":[{"name":"wp","href":"https:\/\/api.w.org\/{rel}","templated":true}]}}