{"id":1107,"date":"2026-02-27T02:37:27","date_gmt":"2026-02-27T02:37:27","guid":{"rendered":"https:\/\/dolphinvoyager.com\/restaurando-la-confianza-mediante-la-transparencia-y-el-debido-proceso-reforma-practica-sistemas-responsables-liderazgo-firme-iniciativa-de-reforma-de-la-salud-conductual\/"},"modified":"2026-02-27T03:54:58","modified_gmt":"2026-02-27T03:54:58","slug":"restaurando-la-confianza-mediante-la-transparencia-y-el-debido-proceso-reforma-practica-sistemas-responsables-liderazgo-firme-iniciativa-de-reforma-de-la-salud-conductual","status":"publish","type":"page","link":"https:\/\/dolphinvoyager.com\/es\/restaurando-la-confianza-mediante-la-transparencia-y-el-debido-proceso-reforma-practica-sistemas-responsables-liderazgo-firme-iniciativa-de-reforma-de-la-salud-conductual\/","title":{"rendered":"Iniciativa de reforma de la salud conductual"},"content":{"rendered":"<p data-start=\"564\" data-end=\"807\"><strong>Restaurar la confianza a trav\u00e9s de la transparencia y el debido proceso: reforma pr\u00e1ctica. Sistemas responsables. Liderazgo firme.<\/strong><\/p>\n<p>Nuestro condado y nuestro pa\u00eds merecen sistemas de salud conductual que sean compasivos, tengan base m\u00e9dica y est\u00e9n firmemente arraigados en el debido proceso. Estoy comprometido con una reforma constructiva que proteja tanto la seguridad p\u00fablica como la libertad individual.<\/p>\n<blockquote class=\"wp-embedded-content\" data-secret=\"PepT58vKuE\"><p><a href=\"https:\/\/dolphinvoyager.com\/behavioral-health-reform-initiative\/overview\/\">Overview<\/a><\/p><\/blockquote>\n<p><iframe loading=\"lazy\" class=\"wp-embedded-content\" sandbox=\"allow-scripts\" security=\"restricted\" style=\"position: absolute; visibility: hidden;\" title=\"\u00abOverview\u00bb \u2014 Dolphin Voyager, LLC\" src=\"https:\/\/dolphinvoyager.com\/behavioral-health-reform-initiative\/overview\/embed\/#?secret=1X1otRSo31#?secret=PepT58vKuE\" data-secret=\"PepT58vKuE\" width=\"500\" height=\"282\" frameborder=\"0\" marginwidth=\"0\" marginheight=\"0\" scrolling=\"no\"><\/iframe><\/p>\n<blockquote class=\"wp-embedded-content\" data-secret=\"bdEEQmhSZT\"><p><a href=\"https:\/\/dolphinvoyager.com\/behavioral-health-reform-initiative\/policy-framework\/\">Policy Framework<\/a><\/p><\/blockquote>\n<p><iframe loading=\"lazy\" class=\"wp-embedded-content\" sandbox=\"allow-scripts\" security=\"restricted\" style=\"position: absolute; visibility: hidden;\" title=\"\u00abPolicy Framework\u00bb \u2014 Dolphin Voyager, LLC\" src=\"https:\/\/dolphinvoyager.com\/behavioral-health-reform-initiative\/policy-framework\/embed\/#?secret=DXGzCiLSmS#?secret=bdEEQmhSZT\" data-secret=\"bdEEQmhSZT\" width=\"500\" height=\"282\" frameborder=\"0\" marginwidth=\"0\" marginheight=\"0\" scrolling=\"no\"><\/iframe><\/p>\n<blockquote class=\"wp-embedded-content\" data-secret=\"iLmsMtFVQr\"><p><a href=\"https:\/\/dolphinvoyager.com\/behavioral-health-reform-initiative\/data-and-transparency\/\">Data and Transparency<\/a><\/p><\/blockquote>\n<p><iframe loading=\"lazy\" class=\"wp-embedded-content\" sandbox=\"allow-scripts\" security=\"restricted\" style=\"position: absolute; visibility: hidden;\" title=\"\u00abData and Transparency\u00bb \u2014 Dolphin Voyager, LLC\" src=\"https:\/\/dolphinvoyager.com\/behavioral-health-reform-initiative\/data-and-transparency\/embed\/#?secret=rsaMNFtr7u#?secret=iLmsMtFVQr\" data-secret=\"iLmsMtFVQr\" width=\"500\" height=\"282\" frameborder=\"0\" marginwidth=\"0\" marginheight=\"0\" scrolling=\"no\"><\/iframe><\/p>\n<blockquote class=\"wp-embedded-content\" data-secret=\"CiBdVU42JY\"><p><a href=\"https:\/\/dolphinvoyager.com\/behavioral-health-reform-initiative\/executive-summary\/\">Executive Summary<\/a><\/p><\/blockquote>\n<p><iframe loading=\"lazy\" class=\"wp-embedded-content\" sandbox=\"allow-scripts\" security=\"restricted\" style=\"position: absolute; visibility: hidden;\" title=\"\u00abExecutive Summary\u00bb \u2014 Dolphin Voyager, LLC\" src=\"https:\/\/dolphinvoyager.com\/behavioral-health-reform-initiative\/executive-summary\/embed\/#?secret=WUXiBIEY3M#?secret=CiBdVU42JY\" data-secret=\"CiBdVU42JY\" width=\"500\" height=\"282\" frameborder=\"0\" marginwidth=\"0\" marginheight=\"0\" scrolling=\"no\"><\/iframe><\/p>\n<p>&nbsp;<\/p>\n<p>&nbsp;<\/p>\n<p>&nbsp;<\/p>\n<p>&nbsp;<\/p>\n","protected":false},"excerpt":{"rendered":"<p>Restaurar la confianza a trav\u00e9s de la transparencia y el debido proceso: reforma pr\u00e1ctica. Sistemas responsables. Liderazgo&#8230;<\/p>\n","protected":false},"author":7,"featured_media":0,"parent":0,"menu_order":0,"comment_status":"closed","ping_status":"closed","template":"","meta":{"_acf_changed":false,"nf_dc_page":"","footnotes":""},"class_list":["post-1107","page","type-page","status-publish","hentry"],"acf":[],"yoast_head":"<!-- This site is optimized with the Yoast SEO Premium plugin v26.7 (Yoast SEO v27.3) - https:\/\/yoast.com\/product\/yoast-seo-premium-wordpress\/ -->\n<title>Iniciativa de reforma de la salud conductual - Dolphin Voyager, LLC<\/title>\n<meta name=\"robots\" content=\"index, follow, max-snippet:-1, max-image-preview:large, max-video-preview:-1\" \/>\n<link rel=\"canonical\" href=\"https:\/\/dolphinvoyager.com\/es\/restaurando-la-confianza-mediante-la-transparencia-y-el-debido-proceso-reforma-practica-sistemas-responsables-liderazgo-firme-iniciativa-de-reforma-de-la-salud-conductual\/\" \/>\n<meta property=\"og:locale\" content=\"es_ES\" \/>\n<meta property=\"og:type\" content=\"article\" \/>\n<meta property=\"og:title\" content=\"Iniciativa de reforma de la salud conductual\" \/>\n<meta property=\"og:description\" content=\"Restaurar la confianza a trav\u00e9s de la transparencia y el debido proceso: reforma pr\u00e1ctica. Sistemas responsables. Liderazgo...\" \/>\n<meta property=\"og:url\" content=\"https:\/\/dolphinvoyager.com\/es\/restaurando-la-confianza-mediante-la-transparencia-y-el-debido-proceso-reforma-practica-sistemas-responsables-liderazgo-firme-iniciativa-de-reforma-de-la-salud-conductual\/\" \/>\n<meta property=\"og:site_name\" content=\"Dolphin Voyager, LLC\" \/>\n<meta property=\"article:publisher\" content=\"https:\/\/www.facebook.com\/people\/Finding-a-Place-in-the-Sun\/100092620906753\/\" \/>\n<meta property=\"article:modified_time\" content=\"2026-02-27T03:54:58+00:00\" \/>\n<meta name=\"twitter:card\" content=\"summary_large_image\" \/>\n<script type=\"application\/ld+json\" class=\"yoast-schema-graph\">{\"@context\":\"https:\\\/\\\/schema.org\",\"@graph\":[{\"@type\":\"WebPage\",\"@id\":\"https:\\\/\\\/dolphinvoyager.com\\\/es\\\/restaurando-la-confianza-mediante-la-transparencia-y-el-debido-proceso-reforma-practica-sistemas-responsables-liderazgo-firme-iniciativa-de-reforma-de-la-salud-conductual\\\/\",\"url\":\"https:\\\/\\\/dolphinvoyager.com\\\/es\\\/restaurando-la-confianza-mediante-la-transparencia-y-el-debido-proceso-reforma-practica-sistemas-responsables-liderazgo-firme-iniciativa-de-reforma-de-la-salud-conductual\\\/\",\"name\":\"Iniciativa de reforma de la salud conductual - Dolphin Voyager, LLC\",\"isPartOf\":{\"@id\":\"https:\\\/\\\/dolphinvoyager.com\\\/es\\\/#website\"},\"datePublished\":\"2026-02-27T02:37:27+00:00\",\"dateModified\":\"2026-02-27T03:54:58+00:00\",\"breadcrumb\":{\"@id\":\"https:\\\/\\\/dolphinvoyager.com\\\/es\\\/restaurando-la-confianza-mediante-la-transparencia-y-el-debido-proceso-reforma-practica-sistemas-responsables-liderazgo-firme-iniciativa-de-reforma-de-la-salud-conductual\\\/#breadcrumb\"},\"inLanguage\":\"es\",\"potentialAction\":[{\"@type\":\"ReadAction\",\"target\":[\"https:\\\/\\\/dolphinvoyager.com\\\/es\\\/restaurando-la-confianza-mediante-la-transparencia-y-el-debido-proceso-reforma-practica-sistemas-responsables-liderazgo-firme-iniciativa-de-reforma-de-la-salud-conductual\\\/\"]}]},{\"@type\":\"BreadcrumbList\",\"@id\":\"https:\\\/\\\/dolphinvoyager.com\\\/es\\\/restaurando-la-confianza-mediante-la-transparencia-y-el-debido-proceso-reforma-practica-sistemas-responsables-liderazgo-firme-iniciativa-de-reforma-de-la-salud-conductual\\\/#breadcrumb\",\"itemListElement\":[{\"@type\":\"ListItem\",\"position\":1,\"name\":\"Home\",\"item\":\"https:\\\/\\\/dolphinvoyager.com\\\/es\\\/\"},{\"@type\":\"ListItem\",\"position\":2,\"name\":\"Iniciativa de reforma de la salud conductual\"}]},{\"@type\":\"WebSite\",\"@id\":\"https:\\\/\\\/dolphinvoyager.com\\\/es\\\/#website\",\"url\":\"https:\\\/\\\/dolphinvoyager.com\\\/es\\\/\",\"name\":\"Dolphin Voyager, LLC\",\"description\":\"Game-Driven Education\",\"publisher\":{\"@id\":\"https:\\\/\\\/dolphinvoyager.com\\\/es\\\/#organization\"},\"potentialAction\":[{\"@type\":\"SearchAction\",\"target\":{\"@type\":\"EntryPoint\",\"urlTemplate\":\"https:\\\/\\\/dolphinvoyager.com\\\/es\\\/?s={search_term_string}\"},\"query-input\":{\"@type\":\"PropertyValueSpecification\",\"valueRequired\":true,\"valueName\":\"search_term_string\"}}],\"inLanguage\":\"es\"},{\"@type\":\"Organization\",\"@id\":\"https:\\\/\\\/dolphinvoyager.com\\\/es\\\/#organization\",\"name\":\"Dolphin Voyager, LLC\",\"url\":\"https:\\\/\\\/dolphinvoyager.com\\\/es\\\/\",\"logo\":{\"@type\":\"ImageObject\",\"inLanguage\":\"es\",\"@id\":\"https:\\\/\\\/dolphinvoyager.com\\\/es\\\/#\\\/schema\\\/logo\\\/image\\\/\",\"url\":\"https:\\\/\\\/dolphinvoyager.com\\\/wp-content\\\/uploads\\\/2024\\\/10\\\/Logo_Color.png\",\"contentUrl\":\"https:\\\/\\\/dolphinvoyager.com\\\/wp-content\\\/uploads\\\/2024\\\/10\\\/Logo_Color.png\",\"width\":2501,\"height\":1105,\"caption\":\"Dolphin Voyager, LLC\"},\"image\":{\"@id\":\"https:\\\/\\\/dolphinvoyager.com\\\/es\\\/#\\\/schema\\\/logo\\\/image\\\/\"},\"sameAs\":[\"https:\\\/\\\/www.facebook.com\\\/people\\\/Finding-a-Place-in-the-Sun\\\/100092620906753\\\/\",\"https:\\\/\\\/www.instagram.com\\\/dolphinvoyager_\\\/\"]}]}<\/script>\n<!-- \/ Yoast SEO Premium plugin. -->","yoast_head_json":{"title":"Iniciativa de reforma de la salud conductual - Dolphin Voyager, LLC","robots":{"index":"index","follow":"follow","max-snippet":"max-snippet:-1","max-image-preview":"max-image-preview:large","max-video-preview":"max-video-preview:-1"},"canonical":"https:\/\/dolphinvoyager.com\/es\/restaurando-la-confianza-mediante-la-transparencia-y-el-debido-proceso-reforma-practica-sistemas-responsables-liderazgo-firme-iniciativa-de-reforma-de-la-salud-conductual\/","og_locale":"es_ES","og_type":"article","og_title":"Iniciativa de reforma de la salud conductual","og_description":"Restaurar la confianza a trav\u00e9s de la transparencia y el debido proceso: reforma pr\u00e1ctica. Sistemas responsables. Liderazgo...","og_url":"https:\/\/dolphinvoyager.com\/es\/restaurando-la-confianza-mediante-la-transparencia-y-el-debido-proceso-reforma-practica-sistemas-responsables-liderazgo-firme-iniciativa-de-reforma-de-la-salud-conductual\/","og_site_name":"Dolphin Voyager, LLC","article_publisher":"https:\/\/www.facebook.com\/people\/Finding-a-Place-in-the-Sun\/100092620906753\/","article_modified_time":"2026-02-27T03:54:58+00:00","twitter_card":"summary_large_image","schema":{"@context":"https:\/\/schema.org","@graph":[{"@type":"WebPage","@id":"https:\/\/dolphinvoyager.com\/es\/restaurando-la-confianza-mediante-la-transparencia-y-el-debido-proceso-reforma-practica-sistemas-responsables-liderazgo-firme-iniciativa-de-reforma-de-la-salud-conductual\/","url":"https:\/\/dolphinvoyager.com\/es\/restaurando-la-confianza-mediante-la-transparencia-y-el-debido-proceso-reforma-practica-sistemas-responsables-liderazgo-firme-iniciativa-de-reforma-de-la-salud-conductual\/","name":"Iniciativa de reforma de la salud conductual - Dolphin Voyager, LLC","isPartOf":{"@id":"https:\/\/dolphinvoyager.com\/es\/#website"},"datePublished":"2026-02-27T02:37:27+00:00","dateModified":"2026-02-27T03:54:58+00:00","breadcrumb":{"@id":"https:\/\/dolphinvoyager.com\/es\/restaurando-la-confianza-mediante-la-transparencia-y-el-debido-proceso-reforma-practica-sistemas-responsables-liderazgo-firme-iniciativa-de-reforma-de-la-salud-conductual\/#breadcrumb"},"inLanguage":"es","potentialAction":[{"@type":"ReadAction","target":["https:\/\/dolphinvoyager.com\/es\/restaurando-la-confianza-mediante-la-transparencia-y-el-debido-proceso-reforma-practica-sistemas-responsables-liderazgo-firme-iniciativa-de-reforma-de-la-salud-conductual\/"]}]},{"@type":"BreadcrumbList","@id":"https:\/\/dolphinvoyager.com\/es\/restaurando-la-confianza-mediante-la-transparencia-y-el-debido-proceso-reforma-practica-sistemas-responsables-liderazgo-firme-iniciativa-de-reforma-de-la-salud-conductual\/#breadcrumb","itemListElement":[{"@type":"ListItem","position":1,"name":"Home","item":"https:\/\/dolphinvoyager.com\/es\/"},{"@type":"ListItem","position":2,"name":"Iniciativa de reforma de la salud conductual"}]},{"@type":"WebSite","@id":"https:\/\/dolphinvoyager.com\/es\/#website","url":"https:\/\/dolphinvoyager.com\/es\/","name":"Dolphin Voyager, LLC","description":"Game-Driven Education","publisher":{"@id":"https:\/\/dolphinvoyager.com\/es\/#organization"},"potentialAction":[{"@type":"SearchAction","target":{"@type":"EntryPoint","urlTemplate":"https:\/\/dolphinvoyager.com\/es\/?s={search_term_string}"},"query-input":{"@type":"PropertyValueSpecification","valueRequired":true,"valueName":"search_term_string"}}],"inLanguage":"es"},{"@type":"Organization","@id":"https:\/\/dolphinvoyager.com\/es\/#organization","name":"Dolphin Voyager, LLC","url":"https:\/\/dolphinvoyager.com\/es\/","logo":{"@type":"ImageObject","inLanguage":"es","@id":"https:\/\/dolphinvoyager.com\/es\/#\/schema\/logo\/image\/","url":"https:\/\/dolphinvoyager.com\/wp-content\/uploads\/2024\/10\/Logo_Color.png","contentUrl":"https:\/\/dolphinvoyager.com\/wp-content\/uploads\/2024\/10\/Logo_Color.png","width":2501,"height":1105,"caption":"Dolphin Voyager, LLC"},"image":{"@id":"https:\/\/dolphinvoyager.com\/es\/#\/schema\/logo\/image\/"},"sameAs":["https:\/\/www.facebook.com\/people\/Finding-a-Place-in-the-Sun\/100092620906753\/","https:\/\/www.instagram.com\/dolphinvoyager_\/"]}]}},"jetpack_sharing_enabled":true,"jetpack_likes_enabled":true,"_links":{"self":[{"href":"https:\/\/dolphinvoyager.com\/es\/wp-json\/wp\/v2\/pages\/1107","targetHints":{"allow":["GET"]}}],"collection":[{"href":"https:\/\/dolphinvoyager.com\/es\/wp-json\/wp\/v2\/pages"}],"about":[{"href":"https:\/\/dolphinvoyager.com\/es\/wp-json\/wp\/v2\/types\/page"}],"author":[{"embeddable":true,"href":"https:\/\/dolphinvoyager.com\/es\/wp-json\/wp\/v2\/users\/7"}],"replies":[{"embeddable":true,"href":"https:\/\/dolphinvoyager.com\/es\/wp-json\/wp\/v2\/comments?post=1107"}],"version-history":[{"count":8,"href":"https:\/\/dolphinvoyager.com\/es\/wp-json\/wp\/v2\/pages\/1107\/revisions"}],"predecessor-version":[{"id":1147,"href":"https:\/\/dolphinvoyager.com\/es\/wp-json\/wp\/v2\/pages\/1107\/revisions\/1147"}],"wp:attachment":[{"href":"https:\/\/dolphinvoyager.com\/es\/wp-json\/wp\/v2\/media?parent=1107"}],"curies":[{"name":"wp","href":"https:\/\/api.w.org\/{rel}","templated":true}]}}